{"id":8136,"date":"2023-11-07T09:49:04","date_gmt":"2023-11-07T08:49:04","guid":{"rendered":"https:\/\/jsoasis.dk\/?post_type=product&#038;p=8136"},"modified":"2023-11-07T09:50:31","modified_gmt":"2023-11-07T08:50:31","slug":"lille-terrasse-sauna-til-2-3-personer","status":"publish","type":"product","link":"https:\/\/jsoasis.dk\/en\/produkt\/lille-terrasse-sauna-til-2-3-personer\/","title":{"rendered":"Lille terrasse Sauna til 2-3 personer"},"content":{"rendered":"<div class=\"xdj266r x11i5rnm xat24cr x1mh8g0r x1vvkbs x126k92a\">\n<div dir=\"auto\">Vi tilbyder at k\u00f8be<\/div>\n<\/div>\n<div class=\"x11i5rnm xat24cr x1mh8g0r x1vvkbs xtlvy1s x126k92a\">\n<div dir=\"auto\">&#8211; Lille terrasse Sauna til 2-3 personer!<\/div>\n<\/div>\n<div class=\"x11i5rnm xat24cr x1mh8g0r x1vvkbs xtlvy1s x126k92a\">\n<div dir=\"auto\">Perfekt til et lille uderum og privat afslapning p\u00e5 kolde aftener<\/div>\n<\/div>\n<div class=\"x11i5rnm xat24cr x1mh8g0r x1vvkbs xtlvy1s x126k92a\">\n<div dir=\"auto\">Prisen er kun 28.750<\/div>\n<\/div>\n<div class=\"x11i5rnm xat24cr x1mh8g0r x1vvkbs xtlvy1s x126k92a\">\n<div dir=\"auto\">Beskrivelse om saunaen<\/div>\n<\/div>\n<div class=\"x11i5rnm xat24cr x1mh8g0r x1vvkbs xtlvy1s x126k92a\">\n<div dir=\"auto\">External dimensions: \u00d82.05m x L1.6m x H2.15mx<\/div>\n<div dir=\"auto\">Internal dimensions: 1.96m x 1.4m x 1.96m<\/div>\n<div dir=\"auto\">-Materiale: -28 mm\/42 mm<\/div>\n<div dir=\"auto\">-Saunab\u00e6nk materiale: el<\/div>\n<div dir=\"auto\">-Gulvriste materiale: gran<\/div>\n<div dir=\"auto\">-D\u00f8r: 0,59m x 1,69m<\/div>\n<div dir=\"auto\">-Tag: sort<\/div>\n<div dir=\"auto\">-LED lys under b\u00e6nke<\/div>\n<div dir=\"auto\">-Ventilation<\/div>\n<div dir=\"auto\">-Elvarmer &#8220;Harvia 9 kw ovn<\/div>\n<div dir=\"auto\">-Sauna Sten<\/div>\n<\/div>\n<div class=\"x11i5rnm xat24cr x1mh8g0r x1vvkbs xtlvy1s x126k92a\">\n<div dir=\"auto\">Delivery all over Denmark<\/div>\n<div dir=\"auto\">Price by agreement<\/div>\n<\/div>\n<div class=\"x11i5rnm xat24cr x1mh8g0r x1vvkbs xtlvy1s x126k92a\">\n<div dir=\"auto\">You can come and have a look at our showroom <span class=\"x3nfvp2 x1j61x8r x1fcty0u xdj266r xhhsvwb xat24cr xgzva0m xxymvpz xlup9mm x1kky2od\"><img decoding=\"async\" class=\"xz74otr\" src=\"https:\/\/static.xx.fbcdn.net\/images\/emoji.php\/v9\/t20\/1\/16\/2b07.png\" alt=\"\u2b07\ufe0f\" width=\"16\" height=\"16\" \/><\/span><\/div>\n<\/div>\n<div class=\"x11i5rnm xat24cr x1mh8g0r x1vvkbs xtlvy1s x126k92a\">\n<div dir=\"auto\">Standing in the showroom<\/div>\n<div dir=\"auto\">Address: Industrivej 1, \u00d8stbirk 8752 (Horsens 8700)<\/div>\n<\/div>","protected":false},"excerpt":{"rendered":"<p>Vi tilbyder at k\u00f8be &#8211; Lille terrasse Sauna til 2-3 personer! Perfekt til et lille uderum og privat afslapning p\u00e5 kolde aftener Prisen er kun 28.750 Beskrivelse om saunaen Udvendige m\u00e5l: \u00d82,05m x L1,6m x H2,15m Indvendige m\u00e5l: 1,96m x 1,4m x 1,96m -Materiale: -28 mm\/42 mm -Saunab\u00e6nk materiale: el -Gulvriste materiale: gran -D\u00f8r: 0,59m [&hellip;]<\/p>","protected":false},"featured_media":8141,"template":"","meta":{"_acf_changed":false,"om_disable_all_campaigns":false,"_monsterinsights_skip_tracking":false,"_monsterinsights_sitenote_active":false,"_monsterinsights_sitenote_note":"","_monsterinsights_sitenote_category":0},"product_brand":[],"product_cat":[161,25],"product_tag":[],"class_list":{"0":"post-8136","1":"product","2":"type-product","3":"status-publish","4":"has-post-thumbnail","6":"product_cat-nedsatte-produkter","7":"product_cat-sauna","9":"first","10":"instock","11":"sale","12":"taxable","13":"shipping-taxable","14":"purchasable","15":"product-type-simple"},"acf":[],"aioseo_notices":[],"_links":{"self":[{"href":"https:\/\/jsoasis.dk\/en\/wp-json\/wp\/v2\/product\/8136","targetHints":{"allow":["GET"]}}],"collection":[{"href":"https:\/\/jsoasis.dk\/en\/wp-json\/wp\/v2\/product"}],"about":[{"href":"https:\/\/jsoasis.dk\/en\/wp-json\/wp\/v2\/types\/product"}],"wp:featuredmedia":[{"embeddable":true,"href":"https:\/\/jsoasis.dk\/en\/wp-json\/wp\/v2\/media\/8141"}],"wp:attachment":[{"href":"https:\/\/jsoasis.dk\/en\/wp-json\/wp\/v2\/media?parent=8136"}],"wp:term":[{"taxonomy":"product_brand","embeddable":true,"href":"https:\/\/jsoasis.dk\/en\/wp-json\/wp\/v2\/product_brand?post=8136"},{"taxonomy":"product_cat","embeddable":true,"href":"https:\/\/jsoasis.dk\/en\/wp-json\/wp\/v2\/product_cat?post=8136"},{"taxonomy":"product_tag","embeddable":true,"href":"https:\/\/jsoasis.dk\/en\/wp-json\/wp\/v2\/product_tag?post=8136"}],"curies":[{"name":"wp","href":"https:\/\/api.w.org\/{rel}","templated":true}]}}