{"id":8174,"date":"2023-11-23T23:16:26","date_gmt":"2023-11-23T22:16:26","guid":{"rendered":"https:\/\/jsoasis.dk\/?post_type=product&#038;p=8174"},"modified":"2024-02-13T22:15:39","modified_gmt":"2024-02-13T21:15:39","slug":"anneks-gaestehus-lille-sommerhus-havehus-den-hoejeste-kvalitet","status":"publish","type":"product","link":"https:\/\/jsoasis.dk\/en\/produkt\/anneks-gaestehus-lille-sommerhus-havehus-den-hoejeste-kvalitet\/","title":{"rendered":"Anneks \/ g\u00e6stehus \/ lille sommerhus \/ havehus Den h\u00f8jeste kvalitet"},"content":{"rendered":"<p>Husets st\u00f8rrelse:<\/p>\n<p>Bredde 3,5 m<\/p>\n<p>L\u00e6ngde 6,0 m<\/p>\n<p>H\u00f8jde 3,0 m<\/p>\n<p>&nbsp;<\/p>\n<p>Husbyggeri &#8211;<\/p>\n<p>Husets bund er bekl\u00e6dt med fugtbestandig FF krydsfiner, bunden er helt d\u00e6kket med net mod gnavere, gulvisoleringslaget er 20 cm Knauf eco+ uld, prim\u00e6rgulvet er Durel paneler, fugtbestandigt, vinyl gulvbel\u00e6gning .<\/p>\n<p>V\u00e6gge &#8211; Udend\u00f8rs udsmykning tr\u00e6 udend\u00f8rspaneler impr\u00e6gneret og malet i kundens \u00f8nskede farve, ventileret facaderamme, anti-vind diffusionsfilm, v\u00e6gisoleringstykkelse 15cm knauf eco+ uld, dampfilm, luftspalte, Durel paneler til indvendige v\u00e6gge. Vi maler interi\u00f8ret efter de farver, kunderne \u00f8nsker.<\/p>\n<p>Tag &#8211; Klassisk bliktagbekl\u00e6dning, fuldt fortinnet tag, eurovent folie med ventilationsd\u00e6k, osb paneler, luftspalte, tagfolie, tagisoleringslag 20cm Knauf eco+ uld, dampfilm, luftspalte, Durel paneler p\u00e5 loftet, malet efter kunde\u00f8nsker .<\/p>\n<p>&nbsp;<\/p>\n<p>Husene har kloaksystem, vandforsyning og el-installation. Vi installerer mellemklasse lysarmaturer og stikkontakter.<\/p>\n<p>Plastvinduer med 2 glas monteres i huse. Vinduer med aluminiumsramme f\u00e5s mod et till\u00e6gsgebyr.<\/p>\n<p>&nbsp;<\/p>\n<p>Husene er bygget af c24 kalibreret tr\u00e6.<\/p>\n<p>Fremstillet i Litauen. Topklasse materialer fra Skandinavien.<\/p>\n<p>Fragtpris fra 25.000<\/p>\n<p>Du kan v\u00e6lge huse op til 30 m2<\/p>\n<p>Pris er + moms<\/p>","protected":false},"excerpt":{"rendered":"<p>Husets st\u00f8rrelse: Bredde 3,5 m L\u00e6ngde 6,0 m H\u00f8jde 3,0 m &nbsp; Husbyggeri &#8211; Husets bund er bekl\u00e6dt med fugtbestandig FF krydsfiner, bunden er helt d\u00e6kket med net mod gnavere, gulvisoleringslaget er 20 cm Knauf eco+ uld, prim\u00e6rgulvet er Durel paneler, fugtbestandigt, vinyl gulvbel\u00e6gning . V\u00e6gge &#8211; Udend\u00f8rs udsmykning tr\u00e6 udend\u00f8rspaneler impr\u00e6gneret og malet i [&hellip;]<\/p>","protected":false},"featured_media":8183,"template":"","meta":{"_acf_changed":false,"om_disable_all_campaigns":false,"_monsterinsights_skip_tracking":false,"_monsterinsights_sitenote_active":false,"_monsterinsights_sitenote_note":"","_monsterinsights_sitenote_category":0},"product_brand":[],"product_cat":[26,161],"product_tag":[],"class_list":{"0":"post-8174","1":"product","2":"type-product","3":"status-publish","4":"has-post-thumbnail","6":"product_cat-hytte","7":"product_cat-nedsatte-produkter","9":"first","10":"instock","11":"sale","12":"taxable","13":"shipping-taxable","14":"purchasable","15":"product-type-simple"},"acf":[],"aioseo_notices":[],"_links":{"self":[{"href":"https:\/\/jsoasis.dk\/en\/wp-json\/wp\/v2\/product\/8174","targetHints":{"allow":["GET"]}}],"collection":[{"href":"https:\/\/jsoasis.dk\/en\/wp-json\/wp\/v2\/product"}],"about":[{"href":"https:\/\/jsoasis.dk\/en\/wp-json\/wp\/v2\/types\/product"}],"wp:featuredmedia":[{"embeddable":true,"href":"https:\/\/jsoasis.dk\/en\/wp-json\/wp\/v2\/media\/8183"}],"wp:attachment":[{"href":"https:\/\/jsoasis.dk\/en\/wp-json\/wp\/v2\/media?parent=8174"}],"wp:term":[{"taxonomy":"product_brand","embeddable":true,"href":"https:\/\/jsoasis.dk\/en\/wp-json\/wp\/v2\/product_brand?post=8174"},{"taxonomy":"product_cat","embeddable":true,"href":"https:\/\/jsoasis.dk\/en\/wp-json\/wp\/v2\/product_cat?post=8174"},{"taxonomy":"product_tag","embeddable":true,"href":"https:\/\/jsoasis.dk\/en\/wp-json\/wp\/v2\/product_tag?post=8174"}],"curies":[{"name":"wp","href":"https:\/\/api.w.org\/{rel}","templated":true}]}}