{"id":8235,"date":"2023-12-04T22:39:21","date_gmt":"2023-12-04T21:39:21","guid":{"rendered":"https:\/\/jsoasis.dk\/?post_type=product&#038;p=8235"},"modified":"2024-01-11T11:11:47","modified_gmt":"2024-01-11T10:11:47","slug":"firkantet-vildmarksbad-med-braendeovn","status":"publish","type":"product","link":"https:\/\/jsoasis.dk\/en\/produkt\/firkantet-vildmarksbad-med-braendeovn\/","title":{"rendered":"Firkantet vildmarksbad med inbygget br\u00e6ndeovn"},"content":{"rendered":"<p>Integreret ovn (AISI 316) +1.200,-<br \/>\nElvarmer (4 230V \/ 6 380V kW) +4.200,-<br \/>\nVarmepumpe (7,5 kW) +10.500,-<br \/>\n&#8212;&#8212;&#8212;&#8212;&#8212;&#8212;&#8212;&#8212;&#8212;&#8212;&#8212;&#8212;&#8212;&#8212;&#8212;&#8212;&#8211; &#8212;&#8212;&#8212;-<br \/>\nElektronisk SPA Kontrolpanel +1.500,-<br \/>\nIntegrerede type dyser 32 stk. +5.200,-<br \/>\nIntegrerede type MIN dyser 12 stk. \/ MAX dyser 25 stk. +2.150,- \/ +3.000,-<br \/>\n&#8212;&#8212;&#8212;&#8212;&#8212;&#8212;&#8212;&#8212;&#8212;&#8212;&#8212;&#8212;&#8212;&#8212;&#8212;&#8212;&#8211; &#8212;&#8212;&#8212;&#8212;&#8212;&#8212;<br \/>\nFiltertilslutninger med d\u00f8re (304 metal eller malet) +600,-<br \/>\nSandfilter +1.200<br \/>\nD\u00f8rl\u00e6krel\u00e6 +500,-<br \/>\nBluetooth-h\u00f8jttalere (Standard eller med LED) +1.500 \/ +2.000<br \/>\nOzonator +650<br \/>\n&#8212;&#8212;&#8212;&#8212;&#8212;&#8212;&#8212;&#8212;&#8212;&#8212;&#8212;&#8212;&#8212;&#8212;&#8212;&#8212;&#8211; &#8212;&#8212;&#8212;&#8212;&#8212;&#8212;<br \/>\nLED belysning (LED lampe) (Anbefalet 2 stk.) 2 stk +1.000,-<br \/>\nMini LED indvendig\/udvendig (1 stk.) +80,-<br \/>\n&#8212;&#8212;&#8212;&#8212;&#8212;&#8212;&#8212;&#8212;&#8212;&#8212;&#8212;&#8212;&#8212;&#8212;&#8212;&#8212;&#8211; &#8212;&#8212;&#8212;&#8212;&#8212;&#8212;-<br \/>\nWPC (tr\u00e6komposit &#8211; plast) +2500,-<br \/>\nTermo tr\u00e6finish +2.500<br \/>\nElektronisk termometer +250,-<\/p>\n<p>Levering fra +2500,- (uden kran til kansten)<\/p>\n<ul>\n<li>Hynder til integreret badekar) (4 stk. inkluderet)<\/li>\n<\/ul>","protected":false},"excerpt":{"rendered":"<p>Grundl\u00e6ggende udstyr<\/p>\n<p>Akryl indsats 2200&#215;2200.<br \/>\nIndbygget ovn AISI (304)<br \/>\nSkorsten 2 m med baldakin.<br \/>\nSkorstensbeskyttelse.<br \/>\nIsoleret med lukkede porer<br \/>\npolyurethan isoleringsskum A++<br \/>\nklasser.<br \/>\nOpvarmet termol\u00e5g<br \/>\nGrantr\u00e6 finish.<br \/>\nMetal hj\u00f8rnedekoration (4 enheder).<br \/>\nKnapper<br \/>\nSteps<\/p>\n<p>Indsadts farve: Sort eller Hvid<\/p>","protected":false},"featured_media":8239,"template":"","meta":{"_acf_changed":false,"om_disable_all_campaigns":false,"_monsterinsights_skip_tracking":false,"_monsterinsights_sitenote_active":false,"_monsterinsights_sitenote_note":"","_monsterinsights_sitenote_category":0},"product_brand":[],"product_cat":[161,24],"product_tag":[],"class_list":{"0":"post-8235","1":"product","2":"type-product","3":"status-publish","4":"has-post-thumbnail","6":"product_cat-nedsatte-produkter","7":"product_cat-vildmarksbad","9":"first","10":"instock","11":"sale","12":"taxable","13":"shipping-taxable","14":"purchasable","15":"product-type-simple"},"acf":[],"aioseo_notices":[],"_links":{"self":[{"href":"https:\/\/jsoasis.dk\/en\/wp-json\/wp\/v2\/product\/8235","targetHints":{"allow":["GET"]}}],"collection":[{"href":"https:\/\/jsoasis.dk\/en\/wp-json\/wp\/v2\/product"}],"about":[{"href":"https:\/\/jsoasis.dk\/en\/wp-json\/wp\/v2\/types\/product"}],"wp:featuredmedia":[{"embeddable":true,"href":"https:\/\/jsoasis.dk\/en\/wp-json\/wp\/v2\/media\/8239"}],"wp:attachment":[{"href":"https:\/\/jsoasis.dk\/en\/wp-json\/wp\/v2\/media?parent=8235"}],"wp:term":[{"taxonomy":"product_brand","embeddable":true,"href":"https:\/\/jsoasis.dk\/en\/wp-json\/wp\/v2\/product_brand?post=8235"},{"taxonomy":"product_cat","embeddable":true,"href":"https:\/\/jsoasis.dk\/en\/wp-json\/wp\/v2\/product_cat?post=8235"},{"taxonomy":"product_tag","embeddable":true,"href":"https:\/\/jsoasis.dk\/en\/wp-json\/wp\/v2\/product_tag?post=8235"}],"curies":[{"name":"wp","href":"https:\/\/api.w.org\/{rel}","templated":true}]}}