{"id":8241,"date":"2023-12-05T13:30:54","date_gmt":"2023-12-05T12:30:54","guid":{"rendered":"https:\/\/jsoasis.dk\/?post_type=product&#038;p=8241"},"modified":"2023-12-05T13:35:33","modified_gmt":"2023-12-05T12:35:33","slug":"toende-sauna-5-4-meter-long-with-1-2-meter-forrum","status":"publish","type":"product","link":"https:\/\/jsoasis.dk\/en\/produkt\/toende-sauna-5-4-meter-long-with-1-2-meter-forrum\/","title":{"rendered":"T\u00f8nde Sauna 5,4 meter lang med 1,2 meter forrum"},"content":{"rendered":"<p>T\u00f8nde Sauna 5,4 meter lang med 1,2 meter forrum<br \/>\n&#8211; Tr\u00e6sort sverige gran<br \/>\n&#8211; Ovn Harvia 9 kw<br \/>\n&#8211; Termotr\u00e6 b\u00e6nke<br \/>\n&#8211; Fuld panoramavindue i bagv\u00e6ggen<br \/>\n&#8211; Tr\u00e6d\u00f8re med skab<br \/>\n&#8211; Bitum tagshingles<br \/>\n&#8211; 3 phaze plug-in stik<br \/>\n&#8211; LED lys under b\u00e6nkene<\/p>\n<p>Denne sauna blev solgt til en eller anden sv\u00f8mmeklub i Den Bl\u00e5 Foreningsby strand! Vi er glade for, at folk v\u00e6lger vores h\u00f8jkvalitetsbygninger.<br \/>\nI denne sauna p\u00e5 \u00e9n gang kan v\u00e6re omkring 12-14 personer. Den er stor og perfekt til saunaklubber eller andre samfundsklubber.<br \/>\nKontakt os, s\u00e5 finder vi l\u00f8sninger til alle!<\/p>\n<p>Leveringstid efter aftale\u00a0 4-5 uger<\/p>\n<p>Leveringspris efter aftale.<\/p>","protected":false},"excerpt":{"rendered":"<p>T\u00f8nde Sauna 5,4 meter lang med 1,2 meter forrum &#8211; Tr\u00e6sort sverige gran &#8211; Ovn Harvia 9 kw &#8211; Termotr\u00e6 b\u00e6nke &#8211; Fuld panoramavindue i bagv\u00e6ggen &#8211; Tr\u00e6d\u00f8re med skab &#8211; Bitum tagshingles &#8211; 3 phaze plug-in stik &#8211; LED lys under b\u00e6nkene Denne sauna blev solgt til en eller anden sv\u00f8mmeklub i Den Bl\u00e5 [&hellip;]<\/p>","protected":false},"featured_media":8243,"template":"","meta":{"_acf_changed":false,"om_disable_all_campaigns":false,"_monsterinsights_skip_tracking":false,"_monsterinsights_sitenote_active":false,"_monsterinsights_sitenote_note":"","_monsterinsights_sitenote_category":0},"product_brand":[],"product_cat":[161,25],"product_tag":[],"class_list":{"0":"post-8241","1":"product","2":"type-product","3":"status-publish","4":"has-post-thumbnail","6":"product_cat-nedsatte-produkter","7":"product_cat-sauna","9":"first","10":"instock","11":"sale","12":"taxable","13":"shipping-taxable","14":"purchasable","15":"product-type-simple"},"acf":[],"aioseo_notices":[],"_links":{"self":[{"href":"https:\/\/jsoasis.dk\/en\/wp-json\/wp\/v2\/product\/8241","targetHints":{"allow":["GET"]}}],"collection":[{"href":"https:\/\/jsoasis.dk\/en\/wp-json\/wp\/v2\/product"}],"about":[{"href":"https:\/\/jsoasis.dk\/en\/wp-json\/wp\/v2\/types\/product"}],"wp:featuredmedia":[{"embeddable":true,"href":"https:\/\/jsoasis.dk\/en\/wp-json\/wp\/v2\/media\/8243"}],"wp:attachment":[{"href":"https:\/\/jsoasis.dk\/en\/wp-json\/wp\/v2\/media?parent=8241"}],"wp:term":[{"taxonomy":"product_brand","embeddable":true,"href":"https:\/\/jsoasis.dk\/en\/wp-json\/wp\/v2\/product_brand?post=8241"},{"taxonomy":"product_cat","embeddable":true,"href":"https:\/\/jsoasis.dk\/en\/wp-json\/wp\/v2\/product_cat?post=8241"},{"taxonomy":"product_tag","embeddable":true,"href":"https:\/\/jsoasis.dk\/en\/wp-json\/wp\/v2\/product_tag?post=8241"}],"curies":[{"name":"wp","href":"https:\/\/api.w.org\/{rel}","templated":true}]}}