{"id":8252,"date":"2023-12-18T19:22:15","date_gmt":"2023-12-18T18:22:15","guid":{"rendered":"https:\/\/jsoasis.dk\/?post_type=product&#038;p=8252"},"modified":"2025-01-09T12:07:12","modified_gmt":"2025-01-09T11:07:12","slug":"vildmarksbad-med-inbygget-ovn-med-dyser-paa-lager","status":"publish","type":"product","link":"https:\/\/jsoasis.dk\/en\/produkt\/vildmarksbad-med-inbygget-ovn-med-dyser-paa-lager\/","title":{"rendered":"Vildmarksbad med Inbygget ovn med dyser"},"content":{"rendered":"<div class=\"x11i5rnm xat24cr x1mh8g0r x1vvkbs xtlvy1s x126k92a\">\n<div dir=\"auto\">Description about Vildmarksbad<span class=\"x3nfvp2 x1j61x8r x1fcty0u xdj266r xhhsvwb xat24cr xgzva0m xxymvpz xlup9mm x1kky2od\"><img decoding=\"async\" class=\"xz74otr\" src=\"https:\/\/static.xx.fbcdn.net\/images\/emoji.php\/v9\/t20\/1\/16\/2b07.png\" alt=\"\u2b07\ufe0f\" width=\"16\" height=\"16\" \/><\/span><\/div>\n<\/div>\n<div class=\"x11i5rnm xat24cr x1mh8g0r x1vvkbs xtlvy1s x126k92a\">\n<div dir=\"auto\">\u2013 Size \u00d8200cm \/180cm 5-6 people<\/div>\n<div dir=\"auto\">&#8211; Granit Indsats farve gr\u00e5 perle<\/div>\n<div dir=\"auto\">&#8211; AISI 304 inbygget ovn med Skorstene s\u00e6t<\/div>\n<div dir=\"auto\">\u2013 Black Thermo lid<\/div>\n<div dir=\"auto\">&#8211; Lysbrun grantr\u00e6 bekl\u00e6dning<\/div>\n<div dir=\"auto\">&#8211; 8 stk vand dyser (hydromassage)<\/div>\n<div dir=\"auto\">\u2013 1 LED 6 different colors<\/div>\n<div dir=\"auto\">\u2013 Insulated bottom and sides<\/div>\n<div dir=\"auto\">\u2013 Electronic thermometer<\/div>\n<div dir=\"auto\">\u2013 Sand filter outlet<\/div>\n<div dir=\"auto\">\u2013 2 steel bands<\/div>\n<div dir=\"auto\">\u2013 The stairs + 4 hollow drink shelves<\/div>\n<div dir=\"auto\"><\/div>\n<\/div>\n<div class=\"x11i5rnm xat24cr x1mh8g0r x1vvkbs xtlvy1s x126k92a\">\n<div dir=\"auto\">Levering Hele Denmark 2-3 uger<\/div>\n<div dir=\"auto\">Price by agreement<\/div>\n<div dir=\"auto\"><\/div>\n<\/div>\n<div class=\"x11i5rnm xat24cr x1mh8g0r x1vvkbs xtlvy1s x126k92a\">\n<div dir=\"auto\"><\/div>\n<div dir=\"auto\"><\/div>\n<\/div>\n<div class=\"x11i5rnm xat24cr x1mh8g0r x1vvkbs xtlvy1s x126k92a\">\n<div dir=\"auto\"><\/div>\n<\/div>","protected":false},"excerpt":{"rendered":"<p>Beskrivelse om Vildmarksbad &#8211; St\u00f8rrelse \u00d8200cm \/180cm 5-6 personer &#8211; Granit Indsats farve gr\u00e5 perle &#8211; AISI 304 inbygget ovn med Skorstene s\u00e6t &#8211; Sort Termol\u00e5g &#8211; Lysbrun grantr\u00e6 bekl\u00e6dning &#8211; 8 stk vand dyser (hydromassage) &#8211; 1 LED 6 forskellige farve &#8211; Isoleret bunden og sider &#8211; Elektronisk termometer &#8211; Sandfilter udl\u00f8b &#8211; 2 [&hellip;]<\/p>","protected":false},"featured_media":8253,"template":"","meta":{"_acf_changed":false,"om_disable_all_campaigns":false,"_monsterinsights_skip_tracking":false,"_monsterinsights_sitenote_active":false,"_monsterinsights_sitenote_note":"","_monsterinsights_sitenote_category":0},"product_brand":[],"product_cat":[161,24],"product_tag":[138,133],"class_list":{"0":"post-8252","1":"product","2":"type-product","3":"status-publish","4":"has-post-thumbnail","6":"product_cat-nedsatte-produkter","7":"product_cat-vildmarksbad","8":"product_tag-spabad","9":"product_tag-vildmarksbad","11":"first","12":"instock","13":"sale","14":"taxable","15":"shipping-taxable","16":"purchasable","17":"product-type-simple"},"acf":[],"aioseo_notices":[],"_links":{"self":[{"href":"https:\/\/jsoasis.dk\/en\/wp-json\/wp\/v2\/product\/8252","targetHints":{"allow":["GET"]}}],"collection":[{"href":"https:\/\/jsoasis.dk\/en\/wp-json\/wp\/v2\/product"}],"about":[{"href":"https:\/\/jsoasis.dk\/en\/wp-json\/wp\/v2\/types\/product"}],"wp:featuredmedia":[{"embeddable":true,"href":"https:\/\/jsoasis.dk\/en\/wp-json\/wp\/v2\/media\/8253"}],"wp:attachment":[{"href":"https:\/\/jsoasis.dk\/en\/wp-json\/wp\/v2\/media?parent=8252"}],"wp:term":[{"taxonomy":"product_brand","embeddable":true,"href":"https:\/\/jsoasis.dk\/en\/wp-json\/wp\/v2\/product_brand?post=8252"},{"taxonomy":"product_cat","embeddable":true,"href":"https:\/\/jsoasis.dk\/en\/wp-json\/wp\/v2\/product_cat?post=8252"},{"taxonomy":"product_tag","embeddable":true,"href":"https:\/\/jsoasis.dk\/en\/wp-json\/wp\/v2\/product_tag?post=8252"}],"curies":[{"name":"wp","href":"https:\/\/api.w.org\/{rel}","templated":true}]}}