{"id":8277,"date":"2023-12-18T20:21:34","date_gmt":"2023-12-18T19:21:34","guid":{"rendered":"https:\/\/jsoasis.dk\/?post_type=product&#038;p=8277"},"modified":"2024-02-08T09:42:37","modified_gmt":"2024-02-08T08:42:37","slug":"termotrae-sauna-250-cm-lang-og-perfekt-til-5-6-personer","status":"publish","type":"product","link":"https:\/\/jsoasis.dk\/en\/produkt\/termotrae-sauna-250-cm-lang-og-perfekt-til-5-6-personer\/","title":{"rendered":"Termotr\u00e6 sauna 250 cm lang og perfekt til 5-6 personer"},"content":{"rendered":"<p>Beskrivelse om saunaen \u2b07\ufe0f<br \/>\nUdvendigt m\u00e5l: \u00d82,05m x L2,5m x H2,15m Indvendigt m\u00e5l: 1,96m x 2,2m x 1,96m Materiale: -28 mm\/42 mm<br \/>\n-Saunab\u00e6nk materiale: termotr\u00e6<br \/>\n-Gulvriste materiale: termotr\u00e6<br \/>\n-D\u00f8r: 0,59m x 1,69m<br \/>\n-Tag: sortere<br \/>\n-LED lys under b\u00e6nke<br \/>\n-Ventilation<br \/>\n-Elvarmer &#8220;Harvia 9 kw ovn eller br\u00e6ndeovn<br \/>\n-Sauna Sten<\/p>\n<p>Levering Hele Danmark<br \/>\nPrice by agreement<\/p>","protected":false},"excerpt":{"rendered":"<p>Beskrivelse om saunaen \u2b07\ufe0f Udvendigt m\u00e5l: \u00d82,05m x L2,5m x H2,15m Indvendigt m\u00e5l: 1,96m x 2,2m x 1,96m Materiale: -28 mm\/42 mm -Saunab\u00e6nk materiale: termotr\u00e6 -Gulvriste materiale: termotr\u00e6 -D\u00f8r: 0,59m x 1,69m -Tag: sortere -LED lys under b\u00e6nke -Ventilation -Elvarmer &#8220;Harvia 9 kw ovn eller br\u00e6ndeovn -Sauna Sten Levering Hele Danmark Pris efter aftale<\/p>","protected":false},"featured_media":8282,"template":"","meta":{"_acf_changed":false,"om_disable_all_campaigns":false,"_monsterinsights_skip_tracking":false,"_monsterinsights_sitenote_active":false,"_monsterinsights_sitenote_note":"","_monsterinsights_sitenote_category":0},"product_brand":[],"product_cat":[161,25],"product_tag":[],"class_list":{"0":"post-8277","1":"product","2":"type-product","3":"status-publish","4":"has-post-thumbnail","6":"product_cat-nedsatte-produkter","7":"product_cat-sauna","9":"first","10":"instock","11":"sale","12":"taxable","13":"shipping-taxable","14":"purchasable","15":"product-type-simple"},"acf":[],"aioseo_notices":[],"_links":{"self":[{"href":"https:\/\/jsoasis.dk\/en\/wp-json\/wp\/v2\/product\/8277","targetHints":{"allow":["GET"]}}],"collection":[{"href":"https:\/\/jsoasis.dk\/en\/wp-json\/wp\/v2\/product"}],"about":[{"href":"https:\/\/jsoasis.dk\/en\/wp-json\/wp\/v2\/types\/product"}],"wp:featuredmedia":[{"embeddable":true,"href":"https:\/\/jsoasis.dk\/en\/wp-json\/wp\/v2\/media\/8282"}],"wp:attachment":[{"href":"https:\/\/jsoasis.dk\/en\/wp-json\/wp\/v2\/media?parent=8277"}],"wp:term":[{"taxonomy":"product_brand","embeddable":true,"href":"https:\/\/jsoasis.dk\/en\/wp-json\/wp\/v2\/product_brand?post=8277"},{"taxonomy":"product_cat","embeddable":true,"href":"https:\/\/jsoasis.dk\/en\/wp-json\/wp\/v2\/product_cat?post=8277"},{"taxonomy":"product_tag","embeddable":true,"href":"https:\/\/jsoasis.dk\/en\/wp-json\/wp\/v2\/product_tag?post=8277"}],"curies":[{"name":"wp","href":"https:\/\/api.w.org\/{rel}","templated":true}]}}