{"id":8284,"date":"2023-12-20T08:39:17","date_gmt":"2023-12-20T07:39:17","guid":{"rendered":"https:\/\/jsoasis.dk\/?post_type=product&#038;p=8284"},"modified":"2026-02-05T14:02:29","modified_gmt":"2026-02-05T13:02:29","slug":"firkante-sauna-med-9kw-harvia-ovn-perfekt-til-5-6-personer","status":"publish","type":"product","link":"https:\/\/jsoasis.dk\/en\/produkt\/firkante-sauna-med-9kw-harvia-ovn-perfekt-til-5-6-personer\/","title":{"rendered":"Firkantet Sauna med 9 kW Harvia Ovn \u2013 Perfekt til 5-6 Personer"},"content":{"rendered":"<p><strong>Specifications:<\/strong><\/p>\n<ul>\n<li><strong>M\u00e5l<\/strong>: 2,3 \u00d7 2,3 \u00d7 2,5 m, ideel til 5-6 personer<\/li>\n<li><strong>Ramme<\/strong>: C24 kalibreret tr\u00e6 for styrke og holdbarhed<\/li>\n<li><strong>Udvendig Finish<\/strong>: Sortmalet panel af gran eller fyrretr\u00e6<\/li>\n<li><strong>Indvendig Finish<\/strong>: Tr\u00e6paneler, som skaber en varm atmosf\u00e6re<\/li>\n<li><strong>B\u00e6nkemateriale<\/strong>: Aspentr\u00e6, perfekt til saunaens varmeforhold<\/li>\n<\/ul>\n<p><strong>Sauna Ovn og Varme:<\/strong><\/p>\n<ul>\n<li><strong>Ovn<\/strong>: Harvia Cilindro 9 kW, kraftfuld og p\u00e5lidelig opvarmning<\/li>\n<li><strong>Saunasten<\/strong>: 80 kg saunasten, som sikrer effektiv varmefordeling<\/li>\n<li><strong>Elektrisk Tilslutning<\/strong>: 3-faset plug-in tilslutning med el-sikring<\/li>\n<\/ul>\n<p><strong>Design og Belysning:<\/strong><\/p>\n<ul>\n<li><strong>Panorama Window<\/strong>: 8 mm tonet, h\u00e6rdet glas for udsigt og privatliv<\/li>\n<li><strong>Indvendig Belysning<\/strong>: LED-lys under b\u00e6nkene for behagelig belysning<\/li>\n<li><strong>D\u00f8r<\/strong>: Glasd\u00f8r af h\u00e6rdet glas med l\u00e5s for sikkerhed<\/li>\n<\/ul>\n<p><strong>Yderligere Detaljer:<\/strong><\/p>\n<ul>\n<li><strong>Gulvbel\u00e6gning<\/strong>: Termisk behandlet br\u00e6dder (gran eller fyr) for komfort og lang levetid<\/li>\n<li><strong>Tag<\/strong>: Bitumen tagbel\u00e6gning for holdbarhed i alt slags vejr<\/li>\n<li><strong>Isolering<\/strong>: 10 cm rockwool isolering i v\u00e6gge og tag for optimal varmebevaring<\/li>\n<\/ul>\n<p><strong>Delivery<\/strong>:<\/p>\n<ul>\n<li><strong>Omr\u00e5de<\/strong>: Hele Danmark<\/li>\n<li><strong>Leveringspris<\/strong>: Fra 2000,- til kantsten<\/li>\n<li><strong>Leveringstid<\/strong>: 4-5 uger<\/li>\n<\/ul>\n<p>OBS. Du kan v\u00e6lge d\u00f8rens position i enten h\u00f8jre eller venstre side.<\/p>","protected":false},"excerpt":{"rendered":"<p>En vidunderlig firkantet sauna vil sikre behagelig afslapning!<\/p>\n<p>Skynd dig og f\u00e5 vores produkt til en god pris Til din have!<\/p>\n<p>Hurtig levering p\u00e5 hele land ogs\u00e5 vi hj\u00e6lpe finde ud transport l\u00f8sning!<\/p>\n<p>Denne sauna er designet til at give dig og dine g\u00e6ster en autentisk og komfortabel saunaoplevelse!<\/p>","protected":false},"featured_media":21139,"template":"","meta":{"_acf_changed":false,"om_disable_all_campaigns":false,"_monsterinsights_skip_tracking":false,"_monsterinsights_sitenote_active":false,"_monsterinsights_sitenote_note":"","_monsterinsights_sitenote_category":0},"product_brand":[],"product_cat":[164,161,25,109,151],"product_tag":[],"class_list":{"0":"post-8284","1":"product","2":"type-product","3":"status-publish","4":"has-post-thumbnail","6":"product_cat-isoleret-sauna","7":"product_cat-nedsatte-produkter","8":"product_cat-sauna","9":"product_cat-special-tilbud","10":"product_cat-summer-sale","12":"first","13":"instock","14":"sale","15":"taxable","16":"shipping-taxable","17":"purchasable","18":"product-type-simple"},"acf":[],"aioseo_notices":[],"_links":{"self":[{"href":"https:\/\/jsoasis.dk\/en\/wp-json\/wp\/v2\/product\/8284","targetHints":{"allow":["GET"]}}],"collection":[{"href":"https:\/\/jsoasis.dk\/en\/wp-json\/wp\/v2\/product"}],"about":[{"href":"https:\/\/jsoasis.dk\/en\/wp-json\/wp\/v2\/types\/product"}],"wp:featuredmedia":[{"embeddable":true,"href":"https:\/\/jsoasis.dk\/en\/wp-json\/wp\/v2\/media\/21139"}],"wp:attachment":[{"href":"https:\/\/jsoasis.dk\/en\/wp-json\/wp\/v2\/media?parent=8284"}],"wp:term":[{"taxonomy":"product_brand","embeddable":true,"href":"https:\/\/jsoasis.dk\/en\/wp-json\/wp\/v2\/product_brand?post=8284"},{"taxonomy":"product_cat","embeddable":true,"href":"https:\/\/jsoasis.dk\/en\/wp-json\/wp\/v2\/product_cat?post=8284"},{"taxonomy":"product_tag","embeddable":true,"href":"https:\/\/jsoasis.dk\/en\/wp-json\/wp\/v2\/product_tag?post=8284"}],"curies":[{"name":"wp","href":"https:\/\/api.w.org\/{rel}","templated":true}]}}