{"id":8304,"date":"2024-01-04T12:47:24","date_gmt":"2024-01-04T11:47:24","guid":{"rendered":"https:\/\/jsoasis.dk\/?post_type=product&#038;p=8304"},"modified":"2025-01-09T12:06:36","modified_gmt":"2025-01-09T11:06:36","slug":"225-200-stoerrelse-vildmarksbad-med-udvendig-ovn-til-7-9-personer","status":"publish","type":"product","link":"https:\/\/jsoasis.dk\/en\/produkt\/225-200-stoerrelse-vildmarksbad-med-udvendig-ovn-til-7-9-personer\/","title":{"rendered":"Vildmarksbad 225\/200 cm med Udvendig AISI 316 Ovn til 7-9 personer"},"content":{"rendered":"<p>Specifications:<br \/>\nSt\u00f8rrelse: \u00d8225 cm \/ H200 cm<br \/>\nKapacitet: 7-9 personer<br \/>\nIndsatsfarve: Gr\u00e5 perle (glasfiber)<br \/>\nOvn: AISI 316 udvendig med skorstens\u00e6t (stor ovn 30 kw)<br \/>\nTermol\u00e5g: Sort<br \/>\nBekl\u00e6dning: Sort grantr\u00e6<br \/>\nVanddyser: 8 stk. (hydro massage)<br \/>\nLuftdyser: 12 stk.<br \/>\nBelysning: 1 LED med 6 forskellige farver<br \/>\nIsolering: Isoleret bund og sider<br \/>\nTermometer: Elektronisk<br \/>\nFiltrering: Sandfilterudl\u00f8b<br \/>\nSt\u00e5lband: 2 stk.<br \/>\nTilbeh\u00f8r: Trappe + 4 hul drikkehylder<br \/>\nVandkapacitet: 1200 liter<br \/>\nOpvarmningstid: 3-3,5 timer om vinter<br \/>\nV\u00e6gt: 200 kg<br \/>\nH\u00f8jde: 110 cm<\/p>\n<p>Giv dig selv mulighed for at slappe af i dette luksuri\u00f8se vildmarksbad!<\/p>\n<p>Leveringspris: Levering i hele Danmark efter aftale. Kontakt os for yderligere oplysninger og priser.<\/p>\n<p>Vi s\u00f8rger for en bekvem og sikker levering, s\u00e5 du kan nyde dit vildmarksbad uden besv\u00e6r!<\/p>","protected":false},"excerpt":{"rendered":"<p>Perfekt til 7-9 personer!<br \/>\nDette vildmarksbad har to massagesystemer og er ideelt til din terrasse. Den rummelige st\u00f8rrelse g\u00f8r det perfekt til hygge med familie eller venner. Det varmer hurtigt op, og vand- og luftstr\u00e5lerne giver en afslappende oplevelse efter en h\u00e5rd arbejdsuge.<\/p>","protected":false},"featured_media":8520,"template":"","meta":{"_acf_changed":false,"om_disable_all_campaigns":false,"_monsterinsights_skip_tracking":false,"_monsterinsights_sitenote_active":false,"_monsterinsights_sitenote_note":"","_monsterinsights_sitenote_category":0},"product_brand":[],"product_cat":[161,24,151],"product_tag":[],"class_list":{"0":"post-8304","1":"product","2":"type-product","3":"status-publish","4":"has-post-thumbnail","6":"product_cat-nedsatte-produkter","7":"product_cat-vildmarksbad","8":"product_cat-summer-sale","10":"first","11":"instock","12":"sale","13":"taxable","14":"shipping-taxable","15":"purchasable","16":"product-type-simple"},"acf":[],"aioseo_notices":[],"_links":{"self":[{"href":"https:\/\/jsoasis.dk\/en\/wp-json\/wp\/v2\/product\/8304","targetHints":{"allow":["GET"]}}],"collection":[{"href":"https:\/\/jsoasis.dk\/en\/wp-json\/wp\/v2\/product"}],"about":[{"href":"https:\/\/jsoasis.dk\/en\/wp-json\/wp\/v2\/types\/product"}],"wp:featuredmedia":[{"embeddable":true,"href":"https:\/\/jsoasis.dk\/en\/wp-json\/wp\/v2\/media\/8520"}],"wp:attachment":[{"href":"https:\/\/jsoasis.dk\/en\/wp-json\/wp\/v2\/media?parent=8304"}],"wp:term":[{"taxonomy":"product_brand","embeddable":true,"href":"https:\/\/jsoasis.dk\/en\/wp-json\/wp\/v2\/product_brand?post=8304"},{"taxonomy":"product_cat","embeddable":true,"href":"https:\/\/jsoasis.dk\/en\/wp-json\/wp\/v2\/product_cat?post=8304"},{"taxonomy":"product_tag","embeddable":true,"href":"https:\/\/jsoasis.dk\/en\/wp-json\/wp\/v2\/product_tag?post=8304"}],"curies":[{"name":"wp","href":"https:\/\/api.w.org\/{rel}","templated":true}]}}