{"id":8307,"date":"2024-01-04T13:06:47","date_gmt":"2024-01-04T12:06:47","guid":{"rendered":"https:\/\/jsoasis.dk\/?post_type=product&#038;p=8307"},"modified":"2025-06-01T20:01:53","modified_gmt":"2025-06-01T19:01:53","slug":"paa-lager-200-180-vildmarksbad-med-udvendig-ovn-til-5-6-personer","status":"publish","type":"product","link":"https:\/\/jsoasis.dk\/en\/produkt\/paa-lager-200-180-vildmarksbad-med-udvendig-ovn-til-5-6-personer\/","title":{"rendered":"(P\u00c5 LAGER) 200\/180 vildmarksbad med udvendig ovn til 5-6 personer"},"content":{"rendered":"<div class=\"x11i5rnm xat24cr x1mh8g0r x1vvkbs xtlvy1s x126k92a\">\n<div dir=\"auto\">Description about Vildmarksbad<\/div>\n<\/div>\n<div class=\"x11i5rnm xat24cr x1mh8g0r x1vvkbs xtlvy1s x126k92a\">\n<div dir=\"auto\">\u2013 Size \u00d8200cm \/180cm 5-6 people<\/div>\n<div dir=\"auto\">\u2013 Fiberglass insert color gray pearl<\/div>\n<div dir=\"auto\">\u2013 AISI 316 external oven with Chimney set<\/div>\n<div dir=\"auto\">\u2013 Black Thermo lid<\/div>\n<div dir=\"auto\">&#8211; Sort grantr\u00e6 bekl\u00e6dning<\/div>\n<div dir=\"auto\">\u2013 8 water jets (hydro massage)<\/div>\n<div dir=\"auto\">&#8211; 12 stk luftdyser<\/div>\n<div dir=\"auto\">\u2013 1 LED 6 different colors<\/div>\n<div dir=\"auto\">\u2013 Insulated bottom and sides<\/div>\n<div dir=\"auto\">\u2013 Electronic thermometer<\/div>\n<div dir=\"auto\">\u2013 Sand filter outlet<\/div>\n<div dir=\"auto\">\u2013 2 steel bands<\/div>\n<div dir=\"auto\">\u2013 The stairs + 4 hollow drink shelves<\/div>\n<div dir=\"auto\">&#8211; 900 liter vand<\/div>\n<div dir=\"auto\">&#8211; 2.5 &#8211; 3 timer til opvarming<\/div>\n<div dir=\"auto\"><\/div>\n<\/div>\n<div dir=\"auto\">Levering hele Denmark<\/div>\n<div dir=\"auto\">Levering pris efter aftale<\/div>\n<div dir=\"auto\"><\/div>\n<div dir=\"auto\">har p\u00e5 lager<\/div>","protected":false},"excerpt":{"rendered":"<p>Beskrivelse om Vildmarksbad &#8211; St\u00f8rrelse \u00d8200cm \/180cm 5-6 personer &#8211; Glassfiber Indsats farve gr\u00e5 perle &#8211; AISI 316 udvendig ovn med Skorstene s\u00e6t &#8211; Sort Termol\u00e5g &#8211; Sort grantr\u00e6 bekl\u00e6dning &#8211; 8 stk vand dyser (hydro massage) &#8211; 12 stk luftdyser &#8211; 1 LED 6 forskellige farve &#8211; Isoleret bunden og sider &#8211; Elektronisk termometer [&hellip;]<\/p>","protected":false},"featured_media":11540,"template":"","meta":{"_acf_changed":false,"om_disable_all_campaigns":false,"_monsterinsights_skip_tracking":false,"_monsterinsights_sitenote_active":false,"_monsterinsights_sitenote_note":"","_monsterinsights_sitenote_category":0},"product_brand":[],"product_cat":[15,159,161,24],"product_tag":[],"class_list":{"0":"post-8307","1":"product","2":"type-product","3":"status-publish","4":"has-post-thumbnail","6":"product_cat-ikke-kategoriseret","7":"product_cat-bedst-saelger","8":"product_cat-nedsatte-produkter","9":"product_cat-vildmarksbad","11":"first","12":"instock","13":"sale","14":"taxable","15":"shipping-taxable","16":"purchasable","17":"product-type-simple"},"acf":[],"aioseo_notices":[],"_links":{"self":[{"href":"https:\/\/jsoasis.dk\/en\/wp-json\/wp\/v2\/product\/8307","targetHints":{"allow":["GET"]}}],"collection":[{"href":"https:\/\/jsoasis.dk\/en\/wp-json\/wp\/v2\/product"}],"about":[{"href":"https:\/\/jsoasis.dk\/en\/wp-json\/wp\/v2\/types\/product"}],"wp:featuredmedia":[{"embeddable":true,"href":"https:\/\/jsoasis.dk\/en\/wp-json\/wp\/v2\/media\/11540"}],"wp:attachment":[{"href":"https:\/\/jsoasis.dk\/en\/wp-json\/wp\/v2\/media?parent=8307"}],"wp:term":[{"taxonomy":"product_brand","embeddable":true,"href":"https:\/\/jsoasis.dk\/en\/wp-json\/wp\/v2\/product_brand?post=8307"},{"taxonomy":"product_cat","embeddable":true,"href":"https:\/\/jsoasis.dk\/en\/wp-json\/wp\/v2\/product_cat?post=8307"},{"taxonomy":"product_tag","embeddable":true,"href":"https:\/\/jsoasis.dk\/en\/wp-json\/wp\/v2\/product_tag?post=8307"}],"curies":[{"name":"wp","href":"https:\/\/api.w.org\/{rel}","templated":true}]}}