{"id":8324,"date":"2024-01-11T10:19:53","date_gmt":"2024-01-11T09:19:53","guid":{"rendered":"https:\/\/jsoasis.dk\/?post_type=product&#038;p=8324"},"modified":"2024-01-11T10:19:53","modified_gmt":"2024-01-11T09:19:53","slug":"firkante-termolaag-lavet-af-hoej-kvalitet-laeder","status":"publish","type":"product","link":"https:\/\/jsoasis.dk\/en\/produkt\/firkante-termolaag-lavet-af-hoej-kvalitet-laeder\/","title":{"rendered":"Firkante termol\u00e5g lavet af h\u00f8j kvalitet l\u00e6der"},"content":{"rendered":"<p>Vi kan producere termol\u00e5g i ikke-standard st\u00f8rrelse<br \/>\nFarver: Sort, Gr\u00e5, Brun<br \/>\nKontakt os, s\u00e5 laver vi det til dig.<\/p>","protected":false},"excerpt":{"rendered":"<h1 class=\"h1 product-detail-name\">230x230cm &#8211; Thermo Cover Udend\u00f8rs Spa &#8211; 15cm Isolering<\/h1>","protected":false},"featured_media":8345,"template":"","meta":{"_acf_changed":false,"om_disable_all_campaigns":false,"_monsterinsights_skip_tracking":false,"_monsterinsights_sitenote_active":false,"_monsterinsights_sitenote_note":"","_monsterinsights_sitenote_category":0},"product_brand":[],"product_cat":[161,27],"product_tag":[],"class_list":{"0":"post-8324","1":"product","2":"type-product","3":"status-publish","4":"has-post-thumbnail","6":"product_cat-nedsatte-produkter","7":"product_cat-tilbehor","9":"first","10":"instock","11":"sale","12":"taxable","13":"shipping-taxable","14":"purchasable","15":"product-type-simple"},"acf":[],"aioseo_notices":[],"_links":{"self":[{"href":"https:\/\/jsoasis.dk\/en\/wp-json\/wp\/v2\/product\/8324","targetHints":{"allow":["GET"]}}],"collection":[{"href":"https:\/\/jsoasis.dk\/en\/wp-json\/wp\/v2\/product"}],"about":[{"href":"https:\/\/jsoasis.dk\/en\/wp-json\/wp\/v2\/types\/product"}],"wp:featuredmedia":[{"embeddable":true,"href":"https:\/\/jsoasis.dk\/en\/wp-json\/wp\/v2\/media\/8345"}],"wp:attachment":[{"href":"https:\/\/jsoasis.dk\/en\/wp-json\/wp\/v2\/media?parent=8324"}],"wp:term":[{"taxonomy":"product_brand","embeddable":true,"href":"https:\/\/jsoasis.dk\/en\/wp-json\/wp\/v2\/product_brand?post=8324"},{"taxonomy":"product_cat","embeddable":true,"href":"https:\/\/jsoasis.dk\/en\/wp-json\/wp\/v2\/product_cat?post=8324"},{"taxonomy":"product_tag","embeddable":true,"href":"https:\/\/jsoasis.dk\/en\/wp-json\/wp\/v2\/product_tag?post=8324"}],"curies":[{"name":"wp","href":"https:\/\/api.w.org\/{rel}","templated":true}]}}