{"id":8349,"date":"2024-01-11T10:31:10","date_gmt":"2024-01-11T09:31:10","guid":{"rendered":"https:\/\/jsoasis.dk\/?post_type=product&#038;p=8349"},"modified":"2024-01-11T10:31:10","modified_gmt":"2024-01-11T09:31:10","slug":"termolaag-holder-manuel-eller-automatisk","status":"publish","type":"product","link":"https:\/\/jsoasis.dk\/en\/produkt\/termolaag-holder-manuel-eller-automatisk\/","title":{"rendered":"Termol\u00e5g holder manuel eller automatisk"},"content":{"rendered":"","protected":false},"excerpt":{"rendered":"<p>Vi kan tilbyde termol\u00e5g smart holder med manuel l\u00f8ft eller med automatisk l\u00f8ft<\/p>\n<ul>\n<li>Manuelt pris 1895,-<\/li>\n<li>Automatisk\u00a0 \u00a02395,-<\/li>\n<\/ul>","protected":false},"featured_media":8351,"template":"","meta":{"_acf_changed":false,"om_disable_all_campaigns":false,"_monsterinsights_skip_tracking":false,"_monsterinsights_sitenote_active":false,"_monsterinsights_sitenote_note":"","_monsterinsights_sitenote_category":0},"product_brand":[],"product_cat":[161,27],"product_tag":[],"class_list":{"0":"post-8349","1":"product","2":"type-product","3":"status-publish","4":"has-post-thumbnail","6":"product_cat-nedsatte-produkter","7":"product_cat-tilbehor","9":"first","10":"instock","11":"sale","12":"taxable","13":"shipping-taxable","14":"purchasable","15":"product-type-simple"},"acf":[],"aioseo_notices":[],"_links":{"self":[{"href":"https:\/\/jsoasis.dk\/en\/wp-json\/wp\/v2\/product\/8349","targetHints":{"allow":["GET"]}}],"collection":[{"href":"https:\/\/jsoasis.dk\/en\/wp-json\/wp\/v2\/product"}],"about":[{"href":"https:\/\/jsoasis.dk\/en\/wp-json\/wp\/v2\/types\/product"}],"wp:featuredmedia":[{"embeddable":true,"href":"https:\/\/jsoasis.dk\/en\/wp-json\/wp\/v2\/media\/8351"}],"wp:attachment":[{"href":"https:\/\/jsoasis.dk\/en\/wp-json\/wp\/v2\/media?parent=8349"}],"wp:term":[{"taxonomy":"product_brand","embeddable":true,"href":"https:\/\/jsoasis.dk\/en\/wp-json\/wp\/v2\/product_brand?post=8349"},{"taxonomy":"product_cat","embeddable":true,"href":"https:\/\/jsoasis.dk\/en\/wp-json\/wp\/v2\/product_cat?post=8349"},{"taxonomy":"product_tag","embeddable":true,"href":"https:\/\/jsoasis.dk\/en\/wp-json\/wp\/v2\/product_tag?post=8349"}],"curies":[{"name":"wp","href":"https:\/\/api.w.org\/{rel}","templated":true}]}}