{"id":8422,"date":"2024-02-13T22:05:45","date_gmt":"2024-02-13T21:05:45","guid":{"rendered":"https:\/\/jsoasis.dk\/?post_type=product&#038;p=8422"},"modified":"2024-10-16T08:40:15","modified_gmt":"2024-10-16T07:40:15","slug":"ny-stoerrelse-lille-terrasse-sauna-til-3-4-personer-med-el-ovn","status":"publish","type":"product","link":"https:\/\/jsoasis.dk\/en\/produkt\/ny-stoerrelse-lille-terrasse-sauna-til-3-4-personer-med-el-ovn\/","title":{"rendered":"Lille terrasse sauna til 3-4 personer med EL ovn"},"content":{"rendered":"<p>\ud83d\udd38 Udvendig St\u00f8rrelse L1670mm \u00d82150mm<br \/>\nH2350mm<br \/>\n\ud83d\udd38 St\u00f8tteben l\u00e6ngde 1800mm (2 stk)<br \/>\n\ud83d\udd38 Indvendig st\u00f8rrelse L1400mm \u00d82100mm<br \/>\n\ud83d\udd38 V\u00e6gten er kun 600 kg;<br \/>\n\ud83d\udd38 Sauna er samlet og f\u00e6rdigmonteret;<br \/>\n\ud83d\udd38 Tag: sort tagpap;<br \/>\n\ud83d\udd38 Grantr\u00e6;<br \/>\n\ud83d\udd38 Gulvriste materiale: aspen;<br \/>\n\ud83d\udd38 B\u00e6nke materiale aspen;<br \/>\n\ud83d\udd38 Fuld panoramaudsigt i frontv\u00e6ggen;<br \/>\n(sikkerhedsklasse)<br \/>\n\ud83d\udd38 Glasd\u00f8r (sikkerhedsklasse)<br \/>\n\ud83d\udd38 Harvia Cylindervarmer 9 kW;<br \/>\n\ud83d\udd38 Plug \u2013 i 3 phaze connect til ovn;<br \/>\n\ud83d\udd38 El fosikkring;<br \/>\n\ud83d\udca5LED-lamperne installeret under b\u00e6nkene<\/p>\n<p>Gratis levering til kansten! Leveringstid 4-5 uger<\/p>\n<p>Hvis du bor hvor skal brug f\u00e6rge levering pris efter aftale!<\/p>\n<p>Du skal selv finde ud af, hvordan du l\u00e6sser og k\u00f8ber p\u00e5 din adresse.<br \/>\nVi kan hj\u00e6lpe dig med at finde en kran mod merpris<\/p>","protected":false},"excerpt":{"rendered":"<p>I betragtning af kundernes behov har vi \u00f8get st\u00f8rrelsen p\u00e5 den lille sauna.<br \/>\nOp til 4 personer kan v\u00e6re i den renoverede sauna p\u00e5 samme tid.<br \/>\nDerfor kan du fra nu af nyde saunaens forn\u00f8jelser sammen med hele familien!<br \/>\nB\u00e6nkene er lavet for lange til saunaen, s\u00e5 du kan ligge og slappe helt af!<\/p>\n<p>&nbsp;<\/p>\n<p>Vi leverer i hele Danmark<br \/>\nVi hj\u00e6lper dig med at finde kranfirmaer, der flytter saunaer op til 42 meter lange.<br \/>\nHvis det ikke er muligt at l\u00f8fte den fremstillede sauna, kan vi placere den p\u00e5 det sted, du \u00f8nsker.<br \/>\nDu kan selvf\u00f8lgelig bygge den selv, vi kan medbringe saunaen i dele med instruktioner<\/p>\n<p>Termotr\u00e6 +8.000,-<\/p>","protected":false},"featured_media":8423,"template":"","meta":{"_acf_changed":false,"om_disable_all_campaigns":false,"_monsterinsights_skip_tracking":false,"_monsterinsights_sitenote_active":false,"_monsterinsights_sitenote_note":"","_monsterinsights_sitenote_category":0},"product_brand":[],"product_cat":[159,161,25],"product_tag":[],"class_list":{"0":"post-8422","1":"product","2":"type-product","3":"status-publish","4":"has-post-thumbnail","6":"product_cat-bedst-saelger","7":"product_cat-nedsatte-produkter","8":"product_cat-sauna","10":"first","11":"instock","12":"sale","13":"taxable","14":"shipping-taxable","15":"purchasable","16":"product-type-simple"},"acf":[],"aioseo_notices":[],"_links":{"self":[{"href":"https:\/\/jsoasis.dk\/en\/wp-json\/wp\/v2\/product\/8422","targetHints":{"allow":["GET"]}}],"collection":[{"href":"https:\/\/jsoasis.dk\/en\/wp-json\/wp\/v2\/product"}],"about":[{"href":"https:\/\/jsoasis.dk\/en\/wp-json\/wp\/v2\/types\/product"}],"wp:featuredmedia":[{"embeddable":true,"href":"https:\/\/jsoasis.dk\/en\/wp-json\/wp\/v2\/media\/8423"}],"wp:attachment":[{"href":"https:\/\/jsoasis.dk\/en\/wp-json\/wp\/v2\/media?parent=8422"}],"wp:term":[{"taxonomy":"product_brand","embeddable":true,"href":"https:\/\/jsoasis.dk\/en\/wp-json\/wp\/v2\/product_brand?post=8422"},{"taxonomy":"product_cat","embeddable":true,"href":"https:\/\/jsoasis.dk\/en\/wp-json\/wp\/v2\/product_cat?post=8422"},{"taxonomy":"product_tag","embeddable":true,"href":"https:\/\/jsoasis.dk\/en\/wp-json\/wp\/v2\/product_tag?post=8422"}],"curies":[{"name":"wp","href":"https:\/\/api.w.org\/{rel}","templated":true}]}}