{"id":8446,"date":"2024-02-17T06:16:50","date_gmt":"2024-02-17T05:16:50","guid":{"rendered":"https:\/\/jsoasis.dk\/?post_type=product&#038;p=8446"},"modified":"2025-09-08T10:55:55","modified_gmt":"2025-09-08T09:55:55","slug":"ny-unik-stil-cube-sauna-med-huum-9kw-ovn-og-wifi","status":"publish","type":"product","link":"https:\/\/jsoasis.dk\/en\/produkt\/ny-unik-stil-cube-sauna-med-huum-9kw-ovn-og-wifi\/","title":{"rendered":"Ny unik stil CUBE sauna med HUUM 9kw ovn og WIFI"},"content":{"rendered":"<p>\ud83d\udd38 Udvendig St\u00f8rrelse L2170mm B2100mm<br \/>\nH2200mm<br \/>\n\ud83d\udd38 St\u00f8tteben l\u00e6ngde 2100mm (2 stk)<br \/>\n\ud83d\udd38 Indvendig st\u00f8rrelse L2000mm B2100mm<br \/>\n\ud83d\udd38 V\u00e6gten er kun 750 kg;<br \/>\n\ud83d\udd38 Sauna er samlet og f\u00e6rdigmonteret;<br \/>\n\ud83d\udd38 Tag: sort tagpap;<br \/>\n\ud83d\udd38 Grantr\u00e6;<br \/>\n\ud83d\udd38 Gulvriste materiale: aspen;<br \/>\n\ud83d\udd38 B\u00e6nke materiale aspen;<br \/>\n\ud83d\udd38 Fuld panoramaudsigt i frontv\u00e6ggen;<br \/>\n(sikkerhedsklasse)<br \/>\n\ud83d\udd38 Halv panorama vindue i bagv\u00e6gen<br \/>\n\ud83d\udd38 Glasd\u00f8r (sikkerhedsklasse)<br \/>\n\ud83d\udd38 HUUM 9 kW ovn med WIFI;<br \/>\n\ud83d\udd38 Sauna sten<br \/>\n\ud83d\udd38 Plug \u2013 i 3 phaze connect til ovn;<br \/>\n\ud83d\udd38 El fosikkring;<br \/>\n\ud83d\udca5LED-lamperne installeret under b\u00e6nkene skaber en beroligende stemning og tilf\u00f8jer et strejf af elegance til din saunaoplevelse<\/p>","protected":false},"excerpt":{"rendered":"<p>Vi har skabt en ny sauna med en eksklusiv form, der ikke fylder meget i din have, men som giver en masse plads indenfor!<\/p>\n<p>Op til 6 personer kan v\u00e6re i en sauna af denne st\u00f8rrelse p\u00e5 \u00e9n gang. Det fulde panorama af forsiden og halvdelen af bagv\u00e6ggen giver dig mulighed for at nyde naturen og udsigten fra saunaen.<\/p>\n<p>Du kan v\u00e6lge en sauna i forskellige st\u00f8rrelser fra 2000 mm til 4500 mm.<br \/>\nVi kan designe og fremstille efter dine behov og g\u00f8re din dr\u00f8mmesauna til virkelighed<br \/>\nHvis du har sp\u00f8rgsm\u00e5l, kan du altid kontakte os!<\/p>","protected":false},"featured_media":8452,"template":"","meta":{"_acf_changed":false,"om_disable_all_campaigns":false,"_monsterinsights_skip_tracking":false,"_monsterinsights_sitenote_active":false,"_monsterinsights_sitenote_note":"","_monsterinsights_sitenote_category":0},"product_brand":[],"product_cat":[159,158,161,25],"product_tag":[],"class_list":{"0":"post-8446","1":"product","2":"type-product","3":"status-publish","4":"has-post-thumbnail","6":"product_cat-bedst-saelger","7":"product_cat-cube-sauna","8":"product_cat-nedsatte-produkter","9":"product_cat-sauna","11":"first","12":"instock","13":"sale","14":"taxable","15":"shipping-taxable","16":"purchasable","17":"product-type-simple"},"acf":[],"aioseo_notices":[],"_links":{"self":[{"href":"https:\/\/jsoasis.dk\/en\/wp-json\/wp\/v2\/product\/8446","targetHints":{"allow":["GET"]}}],"collection":[{"href":"https:\/\/jsoasis.dk\/en\/wp-json\/wp\/v2\/product"}],"about":[{"href":"https:\/\/jsoasis.dk\/en\/wp-json\/wp\/v2\/types\/product"}],"wp:featuredmedia":[{"embeddable":true,"href":"https:\/\/jsoasis.dk\/en\/wp-json\/wp\/v2\/media\/8452"}],"wp:attachment":[{"href":"https:\/\/jsoasis.dk\/en\/wp-json\/wp\/v2\/media?parent=8446"}],"wp:term":[{"taxonomy":"product_brand","embeddable":true,"href":"https:\/\/jsoasis.dk\/en\/wp-json\/wp\/v2\/product_brand?post=8446"},{"taxonomy":"product_cat","embeddable":true,"href":"https:\/\/jsoasis.dk\/en\/wp-json\/wp\/v2\/product_cat?post=8446"},{"taxonomy":"product_tag","embeddable":true,"href":"https:\/\/jsoasis.dk\/en\/wp-json\/wp\/v2\/product_tag?post=8446"}],"curies":[{"name":"wp","href":"https:\/\/api.w.org\/{rel}","templated":true}]}}