{"id":8463,"date":"2024-02-17T06:58:19","date_gmt":"2024-02-17T05:58:19","guid":{"rendered":"https:\/\/jsoasis.dk\/?post_type=product&#038;p=8463"},"modified":"2024-10-16T08:39:27","modified_gmt":"2024-10-16T07:39:27","slug":"haandlavet-solid-solseng-med-lang-holdbarhed","status":"publish","type":"product","link":"https:\/\/jsoasis.dk\/en\/produkt\/haandlavet-solid-solseng-med-lang-holdbarhed\/","title":{"rendered":"H\u00e5ndlavet Solid solseng med lang holdbarhed!"},"content":{"rendered":"<p>Perfekt til Private haver, terrasser, parker, offentlige haver, havnefronter, rastepladser i skolelokaler, hotelterrasser \u2013 alle disse steder kan nu beriges med JSoasis.dk liggestole, uanset om de er fast forankret til jorden eller fritst\u00e5ende for nem flytning.<\/p>","protected":false},"excerpt":{"rendered":"<p>Den enkle solide ramme med en markant og elegant profil b\u00e6rer br\u00e6dder og lameller af massivt termotr\u00e6!<\/p>\n<p>B\u00e6nk med sidedele af rektangul\u00e6rt st\u00e5lr\u00f8r. S\u00e6de og rygl\u00e6n med tr\u00e6lameller. Med justerbare f\u00f8dder i rustfrit st\u00e5l.<\/p>\n<p>Overflade:<br \/>\nAlle st\u00e5ldele varmgalvaniseret og pulverlakeret<\/p>\n<p>Wood:<br \/>\nTermotr\u00e6 ask<\/p>\n<p>Dimensions:<br \/>\nLang 1600 mm<br \/>\nBredde 600 mm<br \/>\nH\u00f8j 950 mm<\/p>\n<p>Fuldt samlet i \u00e9t stykke<br \/>\nGratis fragt<\/p>","protected":false},"featured_media":8487,"template":"","meta":{"_acf_changed":false,"om_disable_all_campaigns":false,"_monsterinsights_skip_tracking":false,"_monsterinsights_sitenote_active":false,"_monsterinsights_sitenote_note":"","_monsterinsights_sitenote_category":0},"product_brand":[],"product_cat":[161,109,27],"product_tag":[],"class_list":{"0":"post-8463","1":"product","2":"type-product","3":"status-publish","4":"has-post-thumbnail","6":"product_cat-nedsatte-produkter","7":"product_cat-special-tilbud","8":"product_cat-tilbehor","10":"first","11":"instock","12":"sale","13":"taxable","14":"shipping-taxable","15":"purchasable","16":"product-type-simple"},"acf":[],"aioseo_notices":[],"_links":{"self":[{"href":"https:\/\/jsoasis.dk\/en\/wp-json\/wp\/v2\/product\/8463","targetHints":{"allow":["GET"]}}],"collection":[{"href":"https:\/\/jsoasis.dk\/en\/wp-json\/wp\/v2\/product"}],"about":[{"href":"https:\/\/jsoasis.dk\/en\/wp-json\/wp\/v2\/types\/product"}],"wp:featuredmedia":[{"embeddable":true,"href":"https:\/\/jsoasis.dk\/en\/wp-json\/wp\/v2\/media\/8487"}],"wp:attachment":[{"href":"https:\/\/jsoasis.dk\/en\/wp-json\/wp\/v2\/media?parent=8463"}],"wp:term":[{"taxonomy":"product_brand","embeddable":true,"href":"https:\/\/jsoasis.dk\/en\/wp-json\/wp\/v2\/product_brand?post=8463"},{"taxonomy":"product_cat","embeddable":true,"href":"https:\/\/jsoasis.dk\/en\/wp-json\/wp\/v2\/product_cat?post=8463"},{"taxonomy":"product_tag","embeddable":true,"href":"https:\/\/jsoasis.dk\/en\/wp-json\/wp\/v2\/product_tag?post=8463"}],"curies":[{"name":"wp","href":"https:\/\/api.w.org\/{rel}","templated":true}]}}