{"id":8499,"date":"2024-03-06T09:17:24","date_gmt":"2024-03-06T08:17:24","guid":{"rendered":"https:\/\/jsoasis.dk\/?post_type=product&#038;p=8499"},"modified":"2024-05-28T21:08:37","modified_gmt":"2024-05-28T20:08:37","slug":"ark-formede-saunaer-i-unik-stil","status":"publish","type":"product","link":"https:\/\/jsoasis.dk\/en\/produkt\/ark-formede-saunaer-i-unik-stil\/","title":{"rendered":"Ark-formede saunaer i unik stil"},"content":{"rendered":"<p><span style=\"color: #000000;\">UDSTYR INKL. I PRISEN<\/span><\/p>\n<p>\u00b7 Indvendig LED belysning under b\u00e6nke<\/p>\n<p>\u00b7 Aspentr\u00e6 B\u00e6nke<\/p>\n<p>\u00b7 Udvendig glasd\u00f8r<\/p>\n<p>\u00b7 Udend\u00f8rs b\u00e6nke &#8211; 2 stk \/ Eller uden<\/p>\n<p>\u00b7 Tagd\u00e6kning: bitumenfliser<\/p>\n<p>\u00b7 Udend\u00f8rs tr\u00e6 malet i enhver farve ( har 9 farve)<\/p>\n<p>\u00b7 Elektrisk Harvia varmelegeme: 9kW eller Harvia M3 br\u00e6ndeovn med skorsten (anden ovn efter aftale)<\/p>\n<p><span style=\"color: #000000;\">M\u00c5L AF SAUNAER<\/span><\/p>\n<ol>\n<li>\u00a0AS200 &#8211; (L2060mm x B2300mm x\u00a0 H2350mm) &#8211; PRIS\u00a0 33.750,- \/ Termotr\u00e6 +7.000,-<\/li>\n<li>\u00a0AS250 &#8211; (L2560mm x\u00a0 B2300mm x\u00a0 H2350mm) &#8211; PRIS\u00a0 36.750,- \/ Termotr\u00e6 +7.500,-<\/li>\n<li>\u00a0AS280 &#8211; (L2860mm x\u00a0 B2300mm x H2350mm) &#8211; PRIS\u00a0 38.500,- \/ Termotr\u00e6 +8.000,-<\/li>\n<li>\u00a0AS300 &#8211; (L3060mm x B2300mm\u00a0 x H2350mm) &#8211; PRIS\u00a0 40.000,- \/ Termotr\u00e6 +8.750,-<\/li>\n<li>\u00a0AS350 &#8211; (L3560mm x B2300mm\u00a0 x H2350mm)\u00a0 &#8211; PRIS\u00a0 42.500,- \/ Termotr\u00e6 +9.500,-<\/li>\n<li>\u00a0Anden st\u00f8rrelse pris efter aftale<\/li>\n<\/ol>\n<p>Vi kan ogs\u00e5 sende dig sauna i dele, og du kan bygge dig selv. Vi kan ogs\u00e5 bygge op i dit sted. Pris fra 7.000,-<\/p>\n<ul>\n<li>Fuld panorama i forv\u00e6ggen pris\u00a0 \u00a0 \u00a0 \u00a0 +2.500,-<\/li>\n<li>Fuld panorama i bagv\u00e6g pris\u00a0 \u00a0 \u00a0 \u00a0 \u00a0 \u00a0 \u00a0+3.000,-<\/li>\n<li>Fuld panorama i begge v\u00e6gge pris\u00a0 \u00a0 +5.500,-<\/li>\n<\/ul>\n<p>Levering til kansten kun +2000,-<\/p>\n<p>Levering med kran pris efter aftale!<\/p>\n<p>&nbsp;<\/p>","protected":false},"excerpt":{"rendered":"<p>Den bladformede sauna har en unik bl\u00f8d organisk form, der b\u00e5de er en fryd for \u00f8jet og giver stor indvendig plads. Vores saunaer har et vidunderligt design og kommer i forskellige st\u00f8rrelser, med ekstra muligheder, s\u00e5 du kan skr\u00e6ddersy din egen udend\u00f8rs sauna. Denne kan bruges hele \u00e5ret rundt, og ophold i en bladformet sauna giver dig den \u00e6gte traditionelle saunaf\u00f8lelse. For at g\u00f8re det f\u00e6rdige produkt vandt\u00e6t er v\u00e6ggene lavet af kalibreret og fr\u00e6set, 42 mm tykt grantr\u00e6, og p\u00e5 toppen dekorerer vi tag med bitumin\u00f8se tegl.<\/p>\n<p>OVN<\/p>\n<p>Vi bruger skandinavisk design h\u00e6ngende elektrisk saunaovn Produktiv og p\u00e5lidelig, med veldesignede detaljer. Den udvendige finish i rustfrit st\u00e5l giver ovnen modernitet. Intern kontrolenhed med knapper placeret p\u00e5 siden af ovnen (kontrolenheden best\u00e5r af en termostat og en 4 + 8 timers timer).<br \/>\nVi bruger ogs\u00e5 Harvia M3 br\u00e6ndeovn. Eller du kan v\u00e6lge et hvilket som helst andet m\u00e6rke af br\u00e6nde\/el-ovn.<\/p>\n<p>*Vi bruger h\u00f8jpr\u00e6cisions CNC-maskiner til at fremstille alle vores saunaer. Vores produkter er perfekt beregnet og fremstillet.<\/p>","protected":false},"featured_media":8513,"template":"","meta":{"_acf_changed":false,"om_disable_all_campaigns":false,"_monsterinsights_skip_tracking":false,"_monsterinsights_sitenote_active":false,"_monsterinsights_sitenote_note":"","_monsterinsights_sitenote_category":0},"product_brand":[],"product_cat":[161,25],"product_tag":[],"class_list":{"0":"post-8499","1":"product","2":"type-product","3":"status-publish","4":"has-post-thumbnail","6":"product_cat-nedsatte-produkter","7":"product_cat-sauna","9":"first","10":"instock","11":"sale","12":"taxable","13":"shipping-taxable","14":"purchasable","15":"product-type-simple"},"acf":[],"aioseo_notices":[],"_links":{"self":[{"href":"https:\/\/jsoasis.dk\/en\/wp-json\/wp\/v2\/product\/8499","targetHints":{"allow":["GET"]}}],"collection":[{"href":"https:\/\/jsoasis.dk\/en\/wp-json\/wp\/v2\/product"}],"about":[{"href":"https:\/\/jsoasis.dk\/en\/wp-json\/wp\/v2\/types\/product"}],"wp:featuredmedia":[{"embeddable":true,"href":"https:\/\/jsoasis.dk\/en\/wp-json\/wp\/v2\/media\/8513"}],"wp:attachment":[{"href":"https:\/\/jsoasis.dk\/en\/wp-json\/wp\/v2\/media?parent=8499"}],"wp:term":[{"taxonomy":"product_brand","embeddable":true,"href":"https:\/\/jsoasis.dk\/en\/wp-json\/wp\/v2\/product_brand?post=8499"},{"taxonomy":"product_cat","embeddable":true,"href":"https:\/\/jsoasis.dk\/en\/wp-json\/wp\/v2\/product_cat?post=8499"},{"taxonomy":"product_tag","embeddable":true,"href":"https:\/\/jsoasis.dk\/en\/wp-json\/wp\/v2\/product_tag?post=8499"}],"curies":[{"name":"wp","href":"https:\/\/api.w.org\/{rel}","templated":true}]}}