{"id":8586,"date":"2024-04-03T10:28:18","date_gmt":"2024-04-03T09:28:18","guid":{"rendered":"https:\/\/jsoasis.dk\/?post_type=product&#038;p=8586"},"modified":"2025-01-09T12:03:37","modified_gmt":"2025-01-09T11:03:37","slug":"skarp-tilbud-1600mm-termotrae-sauna-til-3-4-personer-kun-34-995-kun-i-april","status":"publish","type":"product","link":"https:\/\/jsoasis.dk\/en\/produkt\/skarp-tilbud-1600mm-termotrae-sauna-til-3-4-personer-kun-34-995-kun-i-april\/","title":{"rendered":"1600mm Termotr\u00e6 sauna til 3-4 personer"},"content":{"rendered":"<p>\ud83d\udd38 Udvendig St\u00f8rrelse L1670mm \u00d82150mm<br \/>\nH2350mm<br \/>\n\ud83d\udd38 St\u00f8tteben l\u00e6ngde 1800mm (2 stk)<br \/>\n\ud83d\udd38 Indvendig st\u00f8rrelse L1400mm \u00d82100mm<br \/>\n\ud83d\udd38 V\u00e6gten er kun 600 kg;<br \/>\n\ud83d\udd38 Sauna er samlet og f\u00e6rdigmonteret;<br \/>\n\ud83d\udd38 Tag: sort tagpap;<br \/>\n\ud83d\udd38 Termotr\u00e6;<br \/>\n\ud83d\udd38 Gulvriste materiale: aspen;<br \/>\n\ud83d\udd38 B\u00e6nke materiale aspen;<br \/>\n\ud83d\udd38 Fuld panoramaudsigt i frontv\u00e6ggen;<br \/>\n(sikkerhedsklasse)<br \/>\n\ud83d\udd38 Glasd\u00f8r (sikkerhedsklasse)<br \/>\n\ud83d\udd38 Harvia Cylindervarmer 9 kW; (det model kan v\u00e6re kun med EL ovn)<br \/>\n\ud83d\udd38 Plug \u2013 i 3 phaze connect til ovn;<br \/>\n\ud83d\udd38 El fosikkring;<br \/>\n\ud83d\udca5LED-lamperne installeret under b\u00e6nkene skaber en beroligende stemning og tilf\u00f8jer et strejf af elegance til din saunaoplevelse.<\/p>\n<p>Levering til kansten kun 2000,- (hele Denmark)<br \/>\nLeveringstid 4-5 uger<\/p>","protected":false},"excerpt":{"rendered":"<p>I betragtning af kundernes behov har vi \u00f8get st\u00f8rrelsen p\u00e5 den lille sauna.<br \/>\nOp til 4 personer kan v\u00e6re i den renoverede sauna p\u00e5 samme tid.<br \/>\nDerfor kan du fra nu af nyde saunaens forn\u00f8jelser sammen med hele familien!<br \/>\nB\u00e6nkene er lavet for lange til saunaen, s\u00e5 du kan ligge og slappe helt af!<br \/>\nVi leverer i hele Danmark<br \/>\nVi hj\u00e6lper dig med at finde kranfirmaer, der flytter saunaer op til 42 meter lange.<br \/>\nHvis det ikke er muligt at l\u00f8fte den fremstillede sauna, kan vi placere den p\u00e5 det sted, du \u00f8nsker.<br \/>\nDu kan selvf\u00f8lgelig bygge den selv, vi kan medbringe saunaen i dele med instruktioner<\/p>","protected":false},"featured_media":8589,"template":"","meta":{"_acf_changed":false,"om_disable_all_campaigns":false,"_monsterinsights_skip_tracking":false,"_monsterinsights_sitenote_active":false,"_monsterinsights_sitenote_note":"","_monsterinsights_sitenote_category":0},"product_brand":[],"product_cat":[161,25],"product_tag":[],"class_list":{"0":"post-8586","1":"product","2":"type-product","3":"status-publish","4":"has-post-thumbnail","6":"product_cat-nedsatte-produkter","7":"product_cat-sauna","9":"first","10":"instock","11":"sale","12":"featured","13":"taxable","14":"shipping-taxable","15":"purchasable","16":"product-type-simple"},"acf":[],"aioseo_notices":[],"_links":{"self":[{"href":"https:\/\/jsoasis.dk\/en\/wp-json\/wp\/v2\/product\/8586","targetHints":{"allow":["GET"]}}],"collection":[{"href":"https:\/\/jsoasis.dk\/en\/wp-json\/wp\/v2\/product"}],"about":[{"href":"https:\/\/jsoasis.dk\/en\/wp-json\/wp\/v2\/types\/product"}],"wp:featuredmedia":[{"embeddable":true,"href":"https:\/\/jsoasis.dk\/en\/wp-json\/wp\/v2\/media\/8589"}],"wp:attachment":[{"href":"https:\/\/jsoasis.dk\/en\/wp-json\/wp\/v2\/media?parent=8586"}],"wp:term":[{"taxonomy":"product_brand","embeddable":true,"href":"https:\/\/jsoasis.dk\/en\/wp-json\/wp\/v2\/product_brand?post=8586"},{"taxonomy":"product_cat","embeddable":true,"href":"https:\/\/jsoasis.dk\/en\/wp-json\/wp\/v2\/product_cat?post=8586"},{"taxonomy":"product_tag","embeddable":true,"href":"https:\/\/jsoasis.dk\/en\/wp-json\/wp\/v2\/product_tag?post=8586"}],"curies":[{"name":"wp","href":"https:\/\/api.w.org\/{rel}","templated":true}]}}