{"id":8672,"date":"2024-04-23T08:52:17","date_gmt":"2024-04-23T07:52:17","guid":{"rendered":"https:\/\/jsoasis.dk\/?post_type=product&#038;p=8672"},"modified":"2024-12-02T13:09:46","modified_gmt":"2024-12-02T12:09:46","slug":"termotrae-200cm-arkformet-sauna-med-terasse","status":"publish","type":"product","link":"https:\/\/jsoasis.dk\/en\/produkt\/termotrae-200cm-arkformet-sauna-med-terasse\/","title":{"rendered":"Thermowood 200 cm arc-shaped sauna with terrace"},"content":{"rendered":"<p>UDSTYR INKL. I PRISEN<br \/>\n\ud83d\udd38Indvendig LED belysning under b\u00e6nke<br \/>\n\ud83d\udd38Aspentr\u00e6 B\u00e6nke<br \/>\n\ud83d\udd38 Udvendig glasd\u00f8r og terasser med to b\u00e6nke<br \/>\n\ud83d\udd38 Tagd\u00e6kning: bitumenfliser<br \/>\n\ud83d\udd38 Lavet af termotr\u00e6<br \/>\n\ud83d\udd38 Harvia 9 kw + sten<br \/>\n\ud83d\udd38 Front panorama og Bagv\u00e6g panorama<br \/>\n\ud83d\udd38 L200cm x B230cm x H235cm<br \/>\n\ud83d\udd38 3-4 personer<br \/>\n\ud83d\udd38 1.5 timer til 100 grader<br \/>\n\ud83d\udd38 Vejer 700 kg<br \/>\nLevering til kansten fra 2000,-<\/p>","protected":false},"excerpt":{"rendered":"<p>Super l\u00e6kker Arformet sauna!<br \/>\nLangtidsholdbart udvendigt produkt lader dig nyde godt udsyn og varme f\u00f8lelser indeni!<\/p>\n<p>Vi kan producere st\u00f8rrelser fra 200cm til 500cm<br \/>\nVi hj\u00e6lper dig med at f\u00e5 dine dr\u00f8mme opfyldt!<\/p>","protected":false},"featured_media":8649,"template":"","meta":{"_acf_changed":false,"om_disable_all_campaigns":false,"_monsterinsights_skip_tracking":false,"_monsterinsights_sitenote_active":false,"_monsterinsights_sitenote_note":"","_monsterinsights_sitenote_category":0},"product_brand":[],"product_cat":[157,161,25,151],"product_tag":[],"class_list":{"0":"post-8672","1":"product","2":"type-product","3":"status-publish","4":"has-post-thumbnail","6":"product_cat-arkformet-sauna","7":"product_cat-nedsatte-produkter","8":"product_cat-sauna","9":"product_cat-summer-sale","11":"first","12":"instock","13":"sale","14":"featured","15":"taxable","16":"shipping-taxable","17":"purchasable","18":"product-type-simple"},"acf":[],"aioseo_notices":[],"_links":{"self":[{"href":"https:\/\/jsoasis.dk\/en\/wp-json\/wp\/v2\/product\/8672","targetHints":{"allow":["GET"]}}],"collection":[{"href":"https:\/\/jsoasis.dk\/en\/wp-json\/wp\/v2\/product"}],"about":[{"href":"https:\/\/jsoasis.dk\/en\/wp-json\/wp\/v2\/types\/product"}],"wp:featuredmedia":[{"embeddable":true,"href":"https:\/\/jsoasis.dk\/en\/wp-json\/wp\/v2\/media\/8649"}],"wp:attachment":[{"href":"https:\/\/jsoasis.dk\/en\/wp-json\/wp\/v2\/media?parent=8672"}],"wp:term":[{"taxonomy":"product_brand","embeddable":true,"href":"https:\/\/jsoasis.dk\/en\/wp-json\/wp\/v2\/product_brand?post=8672"},{"taxonomy":"product_cat","embeddable":true,"href":"https:\/\/jsoasis.dk\/en\/wp-json\/wp\/v2\/product_cat?post=8672"},{"taxonomy":"product_tag","embeddable":true,"href":"https:\/\/jsoasis.dk\/en\/wp-json\/wp\/v2\/product_tag?post=8672"}],"curies":[{"name":"wp","href":"https:\/\/api.w.org\/{rel}","templated":true}]}}