{"id":8673,"date":"2024-04-23T09:28:16","date_gmt":"2024-04-23T08:28:16","guid":{"rendered":"https:\/\/jsoasis.dk\/?post_type=product&#038;p=8673"},"modified":"2024-10-18T07:51:11","modified_gmt":"2024-10-18T06:51:11","slug":"ny-stoerrelse-lille-terrasse-sauna-til-3-4-personer-med-el-ovn-2","status":"publish","type":"product","link":"https:\/\/jsoasis.dk\/en\/produkt\/ny-stoerrelse-lille-terrasse-sauna-til-3-4-personer-med-el-ovn-2\/","title":{"rendered":"Lille terrasse sauna til 3-4 personer med EL ovn"},"content":{"rendered":"<p>\ud83d\udd38 Udvendig St\u00f8rrelse L1670mm \u00d82000mm<br \/>\nH2150mm<br \/>\n\ud83d\udd38 St\u00f8tteben l\u00e6ngde 1600mm (2 stk)<br \/>\n\ud83d\udd38 Indvendig st\u00f8rrelse L1400mm \u00d81950mm<br \/>\n\ud83d\udd38 V\u00e6gten er kun 600 kg;<br \/>\n\ud83d\udd38 Sauna er samlet og f\u00e6rdigmonteret;<br \/>\n\ud83d\udd38 Tag: sort tagpap;<br \/>\n\ud83d\udd38 Grantr\u00e6;<br \/>\n\ud83d\udd38 Gulvriste materiale: aspen;<br \/>\n\ud83d\udd38 B\u00e6nke materiale aspen;<br \/>\n\ud83d\udd38 Fuld panoramaudsigt i frontv\u00e6ggen;<br \/>\n(sikkerhedsklasse)<br \/>\n\ud83d\udd38 Glasd\u00f8r (sikkerhedsklasse)<br \/>\n\ud83d\udd38 Harvia Cylindervarmer 9 kW;<br \/>\n\ud83d\udd38 Plug \u2013 i 3 phaze connect til ovn;<br \/>\n\ud83d\udd38 El fosikkring;<br \/>\n\ud83d\udca5LED-lamperne installeret under b\u00e6nkene<\/p>\n<p>Leveringstid 4-5 uger<\/p>\n<p>Leveringspris kun 2000,-<\/p>\n<p>Hvis du bor hvor skal brug f\u00e6rge levering pris efter aftale!<\/p>\n<p>Du skal selv finde ud af, hvordan du l\u00e6sser af  p\u00e5 din adresse.<br \/>\nVi kan hj\u00e6lpe dig med at finde en kran mod merpris<\/p>\n<p>Lavet af termotr\u00e6 + 4.500,-<\/p>","protected":false},"excerpt":{"rendered":"<p>Super l\u00e6kker T\u00f8nde sauna!<br \/>\nLangtidsholdbart udvendigt produkt lader dig nyde godt udsyn og varme f\u00f8lelser indeni!<\/p>\n<p>Vi kan producere st\u00f8rrelser fra 160cm til 500cm<br \/>\nVi hj\u00e6lper dig med at f\u00e5 dine dr\u00f8mme opfyldt!<\/p>\n<p>Farve vi har\u00a0 <img decoding=\"async\" class=\"alignnone size-medium wp-image-11018\" src=\"http:\/\/jsoasis.dk\/wp-content\/uploads\/2024\/04\/IMG-20240605-WA0004-125x300.jpg\" alt=\"\" width=\"125\" height=\"300\" srcset=\"https:\/\/jsoasis.dk\/wp-content\/uploads\/2024\/04\/IMG-20240605-WA0004-125x300.jpg 125w, https:\/\/jsoasis.dk\/wp-content\/uploads\/2024\/04\/IMG-20240605-WA0004-425x1024.jpg 425w, https:\/\/jsoasis.dk\/wp-content\/uploads\/2024\/04\/IMG-20240605-WA0004-768x1848.jpg 768w, https:\/\/jsoasis.dk\/wp-content\/uploads\/2024\/04\/IMG-20240605-WA0004-638x1536.jpg 638w, https:\/\/jsoasis.dk\/wp-content\/uploads\/2024\/04\/IMG-20240605-WA0004-851x2048.jpg 851w, https:\/\/jsoasis.dk\/wp-content\/uploads\/2024\/04\/IMG-20240605-WA0004-5x12.jpg 5w, https:\/\/jsoasis.dk\/wp-content\/uploads\/2024\/04\/IMG-20240605-WA0004-600x1444.jpg 600w, https:\/\/jsoasis.dk\/wp-content\/uploads\/2024\/04\/IMG-20240605-WA0004-scaled.jpg 1064w\" sizes=\"(max-width: 125px) 100vw, 125px\" \/><\/p>","protected":false},"featured_media":11020,"template":"","meta":{"_acf_changed":false,"om_disable_all_campaigns":false,"_monsterinsights_skip_tracking":false,"_monsterinsights_sitenote_active":false,"_monsterinsights_sitenote_note":"","_monsterinsights_sitenote_category":0},"product_brand":[],"product_cat":[159,161,25,151],"product_tag":[],"class_list":{"0":"post-8673","1":"product","2":"type-product","3":"status-publish","4":"has-post-thumbnail","6":"product_cat-bedst-saelger","7":"product_cat-nedsatte-produkter","8":"product_cat-sauna","9":"product_cat-summer-sale","11":"first","12":"instock","13":"sale","14":"taxable","15":"shipping-taxable","16":"purchasable","17":"product-type-simple"},"acf":[],"aioseo_notices":[],"_links":{"self":[{"href":"https:\/\/jsoasis.dk\/en\/wp-json\/wp\/v2\/product\/8673","targetHints":{"allow":["GET"]}}],"collection":[{"href":"https:\/\/jsoasis.dk\/en\/wp-json\/wp\/v2\/product"}],"about":[{"href":"https:\/\/jsoasis.dk\/en\/wp-json\/wp\/v2\/types\/product"}],"wp:featuredmedia":[{"embeddable":true,"href":"https:\/\/jsoasis.dk\/en\/wp-json\/wp\/v2\/media\/11020"}],"wp:attachment":[{"href":"https:\/\/jsoasis.dk\/en\/wp-json\/wp\/v2\/media?parent=8673"}],"wp:term":[{"taxonomy":"product_brand","embeddable":true,"href":"https:\/\/jsoasis.dk\/en\/wp-json\/wp\/v2\/product_brand?post=8673"},{"taxonomy":"product_cat","embeddable":true,"href":"https:\/\/jsoasis.dk\/en\/wp-json\/wp\/v2\/product_cat?post=8673"},{"taxonomy":"product_tag","embeddable":true,"href":"https:\/\/jsoasis.dk\/en\/wp-json\/wp\/v2\/product_tag?post=8673"}],"curies":[{"name":"wp","href":"https:\/\/api.w.org\/{rel}","templated":true}]}}