{"id":8712,"date":"2024-05-15T09:54:47","date_gmt":"2024-05-15T08:54:47","guid":{"rendered":"https:\/\/jsoasis.dk\/?post_type=product&#038;p=8712"},"modified":"2025-01-13T12:20:18","modified_gmt":"2025-01-13T11:20:18","slug":"sommer-hit-cool-cube-eksklusiv-foersteklasses-sauna","status":"publish","type":"product","link":"https:\/\/jsoasis.dk\/en\/produkt\/sommer-hit-cool-cube-eksklusiv-foersteklasses-sauna\/","title":{"rendered":"(Vinter Hit) Cool Cube eksklusiv f\u00f8rsteklasses sauna"},"content":{"rendered":"<p>\ud83d\udd38 DIMENSIONER<\/p>\n<p>Bredde<br \/>\n3,0 m<br \/>\nDybde<br \/>\n2,4 m<br \/>\nh\u00f8jde<br \/>\n2,40 m<\/p>\n<p>\ud83d\udd38 St\u00f8tteben l\u00e6ngde 2400mm (2 stk)<br \/>\n\ud83d\udd38 V\u00e6gten er kun 1200kg;<br \/>\n\ud83d\udd38 Sauna er samlet og f\u00e6rdigmonteret;<br \/>\n\ud83d\udd38 Tag: sort tagpap;<br \/>\n\ud83d\udd38 Termotr\u00e6;<br \/>\n\ud83d\udd38 Gulvriste materiale: aspen;<br \/>\n\ud83d\udd38 B\u00e6nke materiale aspen;<br \/>\n\ud83d\udd38 Fuld panoramaudsigt i frontv\u00e6ggen;<br \/>\n(sikkerhedsklasse)<br \/>\n\ud83d\udd38 Glasd\u00f8r (sikkerhedsklasse)<br \/>\n\ud83d\udd38 Br\u00e6ndeovn\u00a0 Harvia M3 eller EL ovn (Harvia Cillindro 9kw) (HUUM ovn kost ekstra)<br \/>\n\ud83d\udd38 Sauna sten<br \/>\n\ud83d\udd38 Plug \u2013 i 3 phaze connect til ovn;<br \/>\n\ud83d\udd38 El fosikkring;<br \/>\n\ud83d\udca5LED-lamperne installeret under b\u00e6nkene skaber en beroligende stemning og tilf\u00f8jer et strejf af elegance til din saunaoplevelse<\/p>\n<p>Levering hele Denmark pris kun 2500,- til kansten!<\/p>","protected":false},"excerpt":{"rendered":"<p>Cool Cube er en eksklusiv f\u00f8rsteklasses udend\u00f8rs sauna designet og udviklet af Just SPA &amp; Sauna Oasis.dk team.<br \/>\nN\u00f8gleordet for Cool Cube er overkommelighed. Den er tilg\u00e6ngelig for enhver saunaelsker og giver dig mulighed for at nyde den bedste saunaoplevelse med et produkt af h\u00f8j kvalitet til en rimelig pris.<br \/>\nDu kan sp\u00f8rge os om st\u00f8rre sauna i denne form denne sauna st\u00f8rrelse sin standard.<br \/>\nVi kan garantere for kvalitet!<br \/>\nOgs\u00e5 b\u00e6nkepositioner og ovne kan vi lave efter dine \u00f8nsker<\/p>","protected":false},"featured_media":8716,"template":"","meta":{"_acf_changed":false,"om_disable_all_campaigns":false,"_monsterinsights_skip_tracking":false,"_monsterinsights_sitenote_active":false,"_monsterinsights_sitenote_note":"","_monsterinsights_sitenote_category":0},"product_brand":[],"product_cat":[159,158,161,25,151],"product_tag":[147,125],"class_list":{"0":"post-8712","1":"product","2":"type-product","3":"status-publish","4":"has-post-thumbnail","6":"product_cat-bedst-saelger","7":"product_cat-cube-sauna","8":"product_cat-nedsatte-produkter","9":"product_cat-sauna","10":"product_cat-summer-sale","11":"product_tag-cool-sauna","12":"product_tag-sauna","14":"first","15":"instock","16":"sale","17":"featured","18":"taxable","19":"shipping-taxable","20":"purchasable","21":"product-type-simple"},"acf":[],"aioseo_notices":[],"_links":{"self":[{"href":"https:\/\/jsoasis.dk\/en\/wp-json\/wp\/v2\/product\/8712","targetHints":{"allow":["GET"]}}],"collection":[{"href":"https:\/\/jsoasis.dk\/en\/wp-json\/wp\/v2\/product"}],"about":[{"href":"https:\/\/jsoasis.dk\/en\/wp-json\/wp\/v2\/types\/product"}],"wp:featuredmedia":[{"embeddable":true,"href":"https:\/\/jsoasis.dk\/en\/wp-json\/wp\/v2\/media\/8716"}],"wp:attachment":[{"href":"https:\/\/jsoasis.dk\/en\/wp-json\/wp\/v2\/media?parent=8712"}],"wp:term":[{"taxonomy":"product_brand","embeddable":true,"href":"https:\/\/jsoasis.dk\/en\/wp-json\/wp\/v2\/product_brand?post=8712"},{"taxonomy":"product_cat","embeddable":true,"href":"https:\/\/jsoasis.dk\/en\/wp-json\/wp\/v2\/product_cat?post=8712"},{"taxonomy":"product_tag","embeddable":true,"href":"https:\/\/jsoasis.dk\/en\/wp-json\/wp\/v2\/product_tag?post=8712"}],"curies":[{"name":"wp","href":"https:\/\/api.w.org\/{rel}","templated":true}]}}