{"id":9265,"date":"2024-05-23T22:15:01","date_gmt":"2024-05-23T21:15:01","guid":{"rendered":"https:\/\/jsoasis.dk\/?post_type=product&#038;p=9265"},"modified":"2025-01-09T11:55:05","modified_gmt":"2025-01-09T10:55:05","slug":"sommer-hit-lille-toendesauna-koldvandkar-gratis-levering","status":"publish","type":"product","link":"https:\/\/jsoasis.dk\/en\/produkt\/sommer-hit-lille-toendesauna-koldvandkar-gratis-levering\/","title":{"rendered":"Lille T\u00f8ndesauna + Koldvandkar (Gratis Levering)"},"content":{"rendered":"<p><strong>Sauna information:<\/strong><\/p>\n<p><img decoding=\"async\" class=\"emoji\" role=\"img\" draggable=\"false\" src=\"https:\/\/s.w.org\/images\/core\/emoji\/14.0.0\/svg\/1f538.svg\" alt=\"\ud83d\udd38\" \/>Udvendig St\u00f8rrelse L1670mm \u00d82000mm<br \/>\nH2150mm<br \/>\n<img decoding=\"async\" class=\"emoji\" role=\"img\" draggable=\"false\" src=\"https:\/\/s.w.org\/images\/core\/emoji\/14.0.0\/svg\/1f538.svg\" alt=\"\ud83d\udd38\" \/>\u00a0St\u00f8tteben l\u00e6ngde 1800mm (2 stk)<br \/>\n<img decoding=\"async\" class=\"emoji\" role=\"img\" draggable=\"false\" src=\"https:\/\/s.w.org\/images\/core\/emoji\/14.0.0\/svg\/1f538.svg\" alt=\"\ud83d\udd38\" \/>\u00a0Indvendig st\u00f8rrelse L1400mm \u00d82100mm<br \/>\n<img decoding=\"async\" class=\"emoji\" role=\"img\" draggable=\"false\" src=\"https:\/\/s.w.org\/images\/core\/emoji\/14.0.0\/svg\/1f538.svg\" alt=\"\ud83d\udd38\" \/>\u00a0V\u00e6gten er kun 600 kg;<br \/>\n<img decoding=\"async\" class=\"emoji\" role=\"img\" draggable=\"false\" src=\"https:\/\/s.w.org\/images\/core\/emoji\/14.0.0\/svg\/1f538.svg\" alt=\"\ud83d\udd38\" \/>\u00a0Sauna er samlet og f\u00e6rdigmonteret;<br \/>\n<img decoding=\"async\" class=\"emoji\" role=\"img\" draggable=\"false\" src=\"https:\/\/s.w.org\/images\/core\/emoji\/14.0.0\/svg\/1f538.svg\" alt=\"\ud83d\udd38\" \/>\u00a0Tag: sort tagpap;<br \/>\n<img decoding=\"async\" class=\"emoji\" role=\"img\" draggable=\"false\" src=\"https:\/\/s.w.org\/images\/core\/emoji\/14.0.0\/svg\/1f538.svg\" alt=\"\ud83d\udd38\" \/>\u00a0Fir wood;<br \/>\n<img decoding=\"async\" class=\"emoji\" role=\"img\" draggable=\"false\" src=\"https:\/\/s.w.org\/images\/core\/emoji\/14.0.0\/svg\/1f538.svg\" alt=\"\ud83d\udd38\" \/>\u00a0Gulvriste materiale: aspen;<br \/>\n<img decoding=\"async\" class=\"emoji\" role=\"img\" draggable=\"false\" src=\"https:\/\/s.w.org\/images\/core\/emoji\/14.0.0\/svg\/1f538.svg\" alt=\"\ud83d\udd38\" \/>\u00a0B\u00e6nke materiale aspen;<br \/>\n<img decoding=\"async\" class=\"emoji\" role=\"img\" draggable=\"false\" src=\"https:\/\/s.w.org\/images\/core\/emoji\/14.0.0\/svg\/1f538.svg\" alt=\"\ud83d\udd38\" \/>\u00a0Full panoramic view in the front wall;<br \/>\n(sikkerhedsklasse)<br \/>\n<img decoding=\"async\" class=\"emoji\" role=\"img\" draggable=\"false\" src=\"https:\/\/s.w.org\/images\/core\/emoji\/14.0.0\/svg\/1f538.svg\" alt=\"\ud83d\udd38\" \/>\u00a0Glasd\u00f8r (sikkerhedsklasse)<br \/>\n<img decoding=\"async\" class=\"emoji\" role=\"img\" draggable=\"false\" src=\"https:\/\/s.w.org\/images\/core\/emoji\/14.0.0\/svg\/1f538.svg\" alt=\"\ud83d\udd38\" \/>\u00a0Harvia Cylindervarmer 9 kW;<br \/>\n<img decoding=\"async\" class=\"emoji\" role=\"img\" draggable=\"false\" src=\"https:\/\/s.w.org\/images\/core\/emoji\/14.0.0\/svg\/1f538.svg\" alt=\"\ud83d\udd38\" \/>\u00a0Plug \u2013 i 3 phaze connect til ovn;<br \/>\n<img decoding=\"async\" class=\"emoji\" role=\"img\" draggable=\"false\" src=\"https:\/\/s.w.org\/images\/core\/emoji\/14.0.0\/svg\/1f538.svg\" alt=\"\ud83d\udd38\" \/>\u00a0El fosikkring;<br \/>\n<img decoding=\"async\" class=\"emoji\" role=\"img\" draggable=\"false\" src=\"https:\/\/s.w.org\/images\/core\/emoji\/14.0.0\/svg\/1f4a5.svg\" alt=\"\ud83d\udca5\" \/>LED-lamperne installeret under b\u00e6nkene<\/p>\n<p>Termotr\u00e6 + 5000,-<\/p>\n<p><strong>Koldvandkar information:<\/strong><\/p>\n<ul>\n<li>Total height 100 cm<\/li>\n<li>Internal depth 91 cm<\/li>\n<li>Inner diameter 88 cm<\/li>\n<li>Outer diameter 102 cm<\/li>\n<li>The width of the windowsill is 7 cm<\/li>\n<li>Bench height 40 cm Width 32 cm<\/li>\n<li>Termotr\u00e6 bekl\u00e6dning<\/li>\n<li>V\u00e6gt 80 kg<\/li>\n<li>B\u00e6lter i rustfrit st\u00e5l<\/li>\n<\/ul>\n<p>Termotr\u00e6 +1000,-<\/p>\n<p>Gratis levering til kansten! Leveringstid 4-5 uger<\/p>\n<p>Hvis du bor hvor skal brug f\u00e6rge levering pris efter aftale!<\/p>\n<p>Du skal selv finde ud af, hvordan du l\u00e6sser og k\u00f8ber p\u00e5 din adresse.<br \/>\nVi kan hj\u00e6lpe dig med at finde en kran mod merpris<\/p>\n<p>&nbsp;<\/p>\n<p>&nbsp;<\/p>","protected":false},"excerpt":{"rendered":"<p>Sauna fordele:<br \/>\n&#8211; lindrer stress, fordi saunamilj\u00f8et fungerer p\u00e5 en afslappende m\u00e5de;<br \/>\n&#8211; reducerer muskel- og ledsmerter, da der frigives endorfiner, som mindsker disse smerter;<br \/>\n&#8211; hj\u00e6lper med at fjerne stofskifteprodukter og giftige stoffer (afgiftningseffekt), fordi den intensiverede blodcirkulation &#8220;bringer&#8221; varmen til overfladen af \u200b\u200bhuden, n\u00e5r kroppen varmer op i saunaen;<br \/>\n&#8211; renser huden, for n\u00e5r kroppen sveder, vaskes d\u00f8de hudceller af hudens overflade, huden bliver renere, den begynder at fungere bedre;<br \/>\n&#8211; resulterer i en dybere s\u00f8vn, da niveauet af endorfiner langsomt falder, den forh\u00f8jede kropstemperatur falder, saunaens beroligende effekt vises;<br \/>\n&#8211; giver rekreative og sociale fordele, fordi saunaens milj\u00f8 ikke kun slapper af og forbedrer sundheden, men ogs\u00e5 tilskynder til en \u00e5ben, mere intim, rolig samtale;<\/p>\n<p>Koldt vand fordele for kroppen:<\/p>\n<p>&#8211; St\u00e6rkere immunitet<br \/>\n&#8211; Fedt forbr\u00e6nding<br \/>\n&#8211; Bedre blodcirkulation<br \/>\n&#8211; Lindrer symptomer p\u00e5 depression<br \/>\n&#8211; Sund hud og h\u00e5r<br \/>\n&#8211; Mere energi<br \/>\n&#8211; Forbedrer lymfesystemets tilstand<br \/>\n&#8211; Reducerer inflammation<br \/>\n&#8211; Forbedrer vejrtr\u00e6kningen<br \/>\n&#8211; Bedre s\u00f8vn<\/p>","protected":false},"featured_media":9267,"template":"","meta":{"_acf_changed":false,"om_disable_all_campaigns":false,"_monsterinsights_skip_tracking":false,"_monsterinsights_sitenote_active":false,"_monsterinsights_sitenote_note":"","_monsterinsights_sitenote_category":0},"product_brand":[],"product_cat":[159,161,25,151],"product_tag":[],"class_list":{"0":"post-9265","1":"product","2":"type-product","3":"status-publish","4":"has-post-thumbnail","6":"product_cat-bedst-saelger","7":"product_cat-nedsatte-produkter","8":"product_cat-sauna","9":"product_cat-summer-sale","11":"first","12":"instock","13":"sale","14":"featured","15":"taxable","16":"shipping-taxable","17":"purchasable","18":"product-type-simple"},"acf":[],"aioseo_notices":[],"_links":{"self":[{"href":"https:\/\/jsoasis.dk\/en\/wp-json\/wp\/v2\/product\/9265","targetHints":{"allow":["GET"]}}],"collection":[{"href":"https:\/\/jsoasis.dk\/en\/wp-json\/wp\/v2\/product"}],"about":[{"href":"https:\/\/jsoasis.dk\/en\/wp-json\/wp\/v2\/types\/product"}],"wp:featuredmedia":[{"embeddable":true,"href":"https:\/\/jsoasis.dk\/en\/wp-json\/wp\/v2\/media\/9267"}],"wp:attachment":[{"href":"https:\/\/jsoasis.dk\/en\/wp-json\/wp\/v2\/media?parent=9265"}],"wp:term":[{"taxonomy":"product_brand","embeddable":true,"href":"https:\/\/jsoasis.dk\/en\/wp-json\/wp\/v2\/product_brand?post=9265"},{"taxonomy":"product_cat","embeddable":true,"href":"https:\/\/jsoasis.dk\/en\/wp-json\/wp\/v2\/product_cat?post=9265"},{"taxonomy":"product_tag","embeddable":true,"href":"https:\/\/jsoasis.dk\/en\/wp-json\/wp\/v2\/product_tag?post=9265"}],"curies":[{"name":"wp","href":"https:\/\/api.w.org\/{rel}","templated":true}]}}