{"id":9507,"date":"2024-05-28T21:15:42","date_gmt":"2024-05-28T20:15:42","guid":{"rendered":"https:\/\/jsoasis.dk\/?post_type=product&#038;p=9507"},"modified":"2025-01-09T12:01:48","modified_gmt":"2025-01-09T11:01:48","slug":"200-180-vildmarksbad-med-316-ovn-og-vand-dyser","status":"publish","type":"product","link":"https:\/\/jsoasis.dk\/en\/produkt\/200-180-vildmarksbad-med-316-ovn-og-vand-dyser\/","title":{"rendered":"Vildmarksbad 200\/180 cm med AISI 316 Ovn og Vanddyser"},"content":{"rendered":"<p>Specifications:<br \/>\n&#8211; St\u00f8rrelse: \u00d8200 cm \/ H180 cm<br \/>\n&#8211; Kapacitet:4-5 personer<br \/>\n&#8211; Indsatsfarve: Gr\u00e5 perle<br \/>\n&#8211; Ovn: AISI 316 indbygget med skorstens\u00e6t<br \/>\n&#8211; Termol\u00e5g: Sort<br \/>\n&#8211; Bekl\u00e6dning: Antracit grantr\u00e6<br \/>\n&#8211; Vanddyser: 8 stk. (hydromassage)<br \/>\n&#8211; Belysning: 1 LED med 6 forskellige farver<br \/>\n&#8211; Isolering: Isoleret bund og sider<br \/>\n&#8211; Termometer: Elektronisk<br \/>\n&#8211; Filtrering: Sandfilterudl\u00f8b<br \/>\n&#8211; St\u00e5lb\u00e5nd: 2 stk.<br \/>\n&#8211; Tilbeh\u00f8r:Trappe + 3 hul drikkehylder<br \/>\n&#8211; Opvarmningstid: 2-2,5 timer om vinteren<br \/>\n&#8211; Vandkapacitet: 800 liter<br \/>\n&#8211; V\u00e6gt: 230 kg<br \/>\n&#8211; H\u00f8jde:110 cm<\/p>\n<p>Giv dig selv mulighed for at slappe af i dette luksuri\u00f8se vildmarksbad!<\/p>\n<p>Leveringspris: Levering i hele Danmark efter aftale. Kontakt os for yderligere oplysninger og priser.<\/p>\n<p>Vi s\u00f8rger for en bekvem og sikker levering, s\u00e5 du kan nyde dit vildmarksbad uden besv\u00e6r!<\/p>","protected":false},"excerpt":{"rendered":"<p>Perfekt til 4-5 personer!<br \/>\nDette vildmarksbad er ideelt til din terrasse, da det ikke optager meget plads. Det varmes hurtigt op, og de vanddyser vil give dig en afslappende oplevelse efter en h\u00e5rd arbejdsuge.<\/p>","protected":false},"featured_media":9494,"template":"","meta":{"_acf_changed":false,"om_disable_all_campaigns":false,"_monsterinsights_skip_tracking":false,"_monsterinsights_sitenote_active":false,"_monsterinsights_sitenote_note":"","_monsterinsights_sitenote_category":0},"product_brand":[],"product_cat":[159,161,24,151],"product_tag":[],"class_list":{"0":"post-9507","1":"product","2":"type-product","3":"status-publish","4":"has-post-thumbnail","6":"product_cat-bedst-saelger","7":"product_cat-nedsatte-produkter","8":"product_cat-vildmarksbad","9":"product_cat-summer-sale","11":"first","12":"instock","13":"sale","14":"taxable","15":"shipping-taxable","16":"purchasable","17":"product-type-simple"},"acf":[],"aioseo_notices":[],"_links":{"self":[{"href":"https:\/\/jsoasis.dk\/en\/wp-json\/wp\/v2\/product\/9507","targetHints":{"allow":["GET"]}}],"collection":[{"href":"https:\/\/jsoasis.dk\/en\/wp-json\/wp\/v2\/product"}],"about":[{"href":"https:\/\/jsoasis.dk\/en\/wp-json\/wp\/v2\/types\/product"}],"wp:featuredmedia":[{"embeddable":true,"href":"https:\/\/jsoasis.dk\/en\/wp-json\/wp\/v2\/media\/9494"}],"wp:attachment":[{"href":"https:\/\/jsoasis.dk\/en\/wp-json\/wp\/v2\/media?parent=9507"}],"wp:term":[{"taxonomy":"product_brand","embeddable":true,"href":"https:\/\/jsoasis.dk\/en\/wp-json\/wp\/v2\/product_brand?post=9507"},{"taxonomy":"product_cat","embeddable":true,"href":"https:\/\/jsoasis.dk\/en\/wp-json\/wp\/v2\/product_cat?post=9507"},{"taxonomy":"product_tag","embeddable":true,"href":"https:\/\/jsoasis.dk\/en\/wp-json\/wp\/v2\/product_tag?post=9507"}],"curies":[{"name":"wp","href":"https:\/\/api.w.org\/{rel}","templated":true}]}}