{"id":9876,"date":"2024-06-11T20:20:38","date_gmt":"2024-06-11T19:20:38","guid":{"rendered":"https:\/\/jsoasis.dk\/?post_type=product&#038;p=9876"},"modified":"2024-08-17T10:05:07","modified_gmt":"2024-08-17T09:05:07","slug":"200cm-lang-termotrae-sauna-med-el-9-kw","status":"publish","type":"product","link":"https:\/\/jsoasis.dk\/en\/produkt\/200cm-lang-termotrae-sauna-med-el-9-kw\/","title":{"rendered":"200 cm long thermal wood sauna with EL 9 kw"},"content":{"rendered":"<p>Udvendig St\u00f8rrelse L2070mm \u00d82150mm<br \/>\nH2350mm<br \/>\n\ud83d\udd38 St\u00f8tteben l\u00e6ngde 1800mm (2 stk)<br \/>\n\ud83d\udd38 Indvendig st\u00f8rrelse L1800mm \u00d82100mm<br \/>\n\ud83d\udd38 V\u00e6gten er kun 700 kg;<br \/>\n\ud83d\udd38 Sauna er samlet og f\u00e6rdigmonteret;<br \/>\n\ud83d\udd38 Tag: sort tagpap;<br \/>\n\ud83d\udd38 Termotr\u00e6;<br \/>\n\ud83d\udd38 Gulvriste materiale: aspen;<br \/>\n\ud83d\udd38 B\u00e6nke materiale aspen;<br \/>\n\ud83d\udd38 Halv panoramaudsigt i bagv\u00e6ggen;<br \/>\n(sikkerhedsklasse)<br \/>\n\ud83d\udd38 Glasd\u00f8r (sikkerhedsklasse)<br \/>\n\ud83d\udd38 Harvia Cylindervarmer 9 kW; (det model kan v\u00e6re ogs\u00e5 med br\u00e6ndeovn ovn)<br \/>\n\ud83d\udd38 Plug \u2013 i 3 phaze connect til ovn;<br \/>\n\ud83d\udd38 El fosikkring;<br \/>\n\ud83d\udca5LED-lamperne installeret under b\u00e6nkene skaber en beroligende stemning og tilf\u00f8jer et strejf af elegance til din saunaoplevelse.<\/p>\n<p>Levering til kansten fra 2000,- (hele Denmark)<br \/>\nKran l\u00f8sning pris fra 1400 + moms per timer<\/p>","protected":false},"excerpt":{"rendered":"<p>Udvendig St\u00f8rrelse L2070mm \u00d82150mm H2350mm \ud83d\udd38 St\u00f8tteben l\u00e6ngde 1800mm (2 stk) \ud83d\udd38 Indvendig st\u00f8rrelse L1800mm \u00d82100mm \ud83d\udd38 V\u00e6gten er kun 700 kg; \ud83d\udd38 Sauna er samlet og f\u00e6rdigmonteret; \ud83d\udd38 Tag: sort tagpap; \ud83d\udd38 Termotr\u00e6; \ud83d\udd38 Gulvriste materiale: aspen; \ud83d\udd38 B\u00e6nke materiale aspen; \ud83d\udd38 Halv panoramaudsigt i bagv\u00e6ggen; (sikkerhedsklasse) \ud83d\udd38 Glasd\u00f8r (sikkerhedsklasse) \ud83d\udd38 Harvia Cylindervarmer 9 [&hellip;]<\/p>","protected":false},"featured_media":11016,"template":"","meta":{"_acf_changed":false,"om_disable_all_campaigns":false,"_monsterinsights_skip_tracking":false,"_monsterinsights_sitenote_active":false,"_monsterinsights_sitenote_note":"","_monsterinsights_sitenote_category":0},"product_brand":[],"product_cat":[161,109,151],"product_tag":[],"class_list":{"0":"post-9876","1":"product","2":"type-product","3":"status-publish","4":"has-post-thumbnail","6":"product_cat-nedsatte-produkter","7":"product_cat-special-tilbud","8":"product_cat-summer-sale","10":"first","11":"instock","12":"sale","13":"taxable","14":"shipping-taxable","15":"purchasable","16":"product-type-simple"},"acf":[],"aioseo_notices":[],"_links":{"self":[{"href":"https:\/\/jsoasis.dk\/en\/wp-json\/wp\/v2\/product\/9876","targetHints":{"allow":["GET"]}}],"collection":[{"href":"https:\/\/jsoasis.dk\/en\/wp-json\/wp\/v2\/product"}],"about":[{"href":"https:\/\/jsoasis.dk\/en\/wp-json\/wp\/v2\/types\/product"}],"wp:featuredmedia":[{"embeddable":true,"href":"https:\/\/jsoasis.dk\/en\/wp-json\/wp\/v2\/media\/11016"}],"wp:attachment":[{"href":"https:\/\/jsoasis.dk\/en\/wp-json\/wp\/v2\/media?parent=9876"}],"wp:term":[{"taxonomy":"product_brand","embeddable":true,"href":"https:\/\/jsoasis.dk\/en\/wp-json\/wp\/v2\/product_brand?post=9876"},{"taxonomy":"product_cat","embeddable":true,"href":"https:\/\/jsoasis.dk\/en\/wp-json\/wp\/v2\/product_cat?post=9876"},{"taxonomy":"product_tag","embeddable":true,"href":"https:\/\/jsoasis.dk\/en\/wp-json\/wp\/v2\/product_tag?post=9876"}],"curies":[{"name":"wp","href":"https:\/\/api.w.org\/{rel}","templated":true}]}}