{"id":9884,"date":"2024-06-11T20:26:23","date_gmt":"2024-06-11T19:26:23","guid":{"rendered":"https:\/\/jsoasis.dk\/?post_type=product&#038;p=9884"},"modified":"2024-10-26T19:56:39","modified_gmt":"2024-10-26T18:56:39","slug":"200x200-akryl-firkante-vildmarksbad-med-316-ovn","status":"publish","type":"product","link":"https:\/\/jsoasis.dk\/en\/produkt\/200x200-akryl-firkante-vildmarksbad-med-316-ovn\/","title":{"rendered":"200&#215;200 Akryl Firkantet Vildmarksbad med AISI 316 Ovn"},"content":{"rendered":"<p><strong>Specifications:<\/strong><\/p>\n<ul>\n<li><strong>Form<\/strong>: Firkantet akryl vildmarksbad med indbygget br\u00e6ndeovn<\/li>\n<li><strong>Kapacitet<\/strong>: Plads til 6-7 personer<\/li>\n<li><strong>Indbygget Ovn<\/strong>: 316 rustfrit st\u00e5l br\u00e6ndeovn med skorstenss\u00e6t<\/li>\n<li><strong>Vanddyser<\/strong>: 8 stk vanddyser for optimal massageoplevelse<\/li>\n<li><strong>LED Belysning<\/strong>: 2 LED-lys for stemningsfuld aftenbelysning<\/li>\n<li><strong>Filtreringssystem<\/strong>: Sandfilterudl\u00f8b med afd\u00e6kningsboks for nem filtrering<\/li>\n<li><strong>Bekl\u00e6dning<\/strong>: Termotr\u00e6 for holdbarhed og elegant udseende<\/li>\n<li><strong>Accesories<\/strong>:\n<ul>\n<li>Sort termol\u00e5g for varmebevaring<\/li>\n<li>Termotr\u00e6 trappe for nem adgang<\/li>\n<\/ul>\n<\/li>\n<\/ul>\n<p><strong>Yderligere Information:<\/strong><\/p>\n<ul>\n<li><strong>Opvarmningstid<\/strong>: 3-3,5 timer til 37-38 \u00b0C<\/li>\n<li><strong>V\u00e6gt<\/strong>: 260 kg<\/li>\n<\/ul>\n<p>Et ideelt valg for en luksuri\u00f8s spaoplevelse til 6-7 personer!<\/p>","protected":false},"excerpt":{"rendered":"<p>Specifikationer: Form: Firkantet akryl vildmarksbad med indbygget br\u00e6ndeovn Kapacitet: Plads til 6-7 personer Indbygget Ovn: 316 rustfrit st\u00e5l br\u00e6ndeovn med skorstenss\u00e6t Vanddyser: 8 stk vanddyser for optimal massageoplevelse LED Belysning: 2 LED-lys for stemningsfuld aftenbelysning Filtreringssystem: Sandfilterudl\u00f8b med afd\u00e6kningsboks for nem filtrering Bekl\u00e6dning: Termotr\u00e6 for holdbarhed og elegant udseende Tilbeh\u00f8r: Sort termol\u00e5g for varmebevaring Termotr\u00e6 [&hellip;]<\/p>","protected":false},"featured_media":11153,"template":"","meta":{"_acf_changed":false,"om_disable_all_campaigns":false,"_monsterinsights_skip_tracking":false,"_monsterinsights_sitenote_active":false,"_monsterinsights_sitenote_note":"","_monsterinsights_sitenote_category":0},"product_brand":[],"product_cat":[161,109,151],"product_tag":[],"class_list":{"0":"post-9884","1":"product","2":"type-product","3":"status-publish","4":"has-post-thumbnail","6":"product_cat-nedsatte-produkter","7":"product_cat-special-tilbud","8":"product_cat-summer-sale","10":"first","11":"instock","12":"sale","13":"taxable","14":"shipping-taxable","15":"purchasable","16":"product-type-simple"},"acf":[],"aioseo_notices":[],"_links":{"self":[{"href":"https:\/\/jsoasis.dk\/en\/wp-json\/wp\/v2\/product\/9884","targetHints":{"allow":["GET"]}}],"collection":[{"href":"https:\/\/jsoasis.dk\/en\/wp-json\/wp\/v2\/product"}],"about":[{"href":"https:\/\/jsoasis.dk\/en\/wp-json\/wp\/v2\/types\/product"}],"wp:featuredmedia":[{"embeddable":true,"href":"https:\/\/jsoasis.dk\/en\/wp-json\/wp\/v2\/media\/11153"}],"wp:attachment":[{"href":"https:\/\/jsoasis.dk\/en\/wp-json\/wp\/v2\/media?parent=9884"}],"wp:term":[{"taxonomy":"product_brand","embeddable":true,"href":"https:\/\/jsoasis.dk\/en\/wp-json\/wp\/v2\/product_brand?post=9884"},{"taxonomy":"product_cat","embeddable":true,"href":"https:\/\/jsoasis.dk\/en\/wp-json\/wp\/v2\/product_cat?post=9884"},{"taxonomy":"product_tag","embeddable":true,"href":"https:\/\/jsoasis.dk\/en\/wp-json\/wp\/v2\/product_tag?post=9884"}],"curies":[{"name":"wp","href":"https:\/\/api.w.org\/{rel}","templated":true}]}}