{"id":9898,"date":"2024-06-13T07:59:23","date_gmt":"2024-06-13T06:59:23","guid":{"rendered":"https:\/\/jsoasis.dk\/?post_type=product&#038;p=9898"},"modified":"2024-11-08T06:40:47","modified_gmt":"2024-11-08T05:40:47","slug":"sommer-hit-firkante-akryl-vildmarksbad-med-inbygget-316-ovn","status":"publish","type":"product","link":"https:\/\/jsoasis.dk\/en\/produkt\/sommer-hit-firkante-akryl-vildmarksbad-med-inbygget-316-ovn\/","title":{"rendered":"(Vinter Hit) Firkante akryl vildmarksbad med inbygget 316 ovn"},"content":{"rendered":"<p>Inbygget 316 ovn 28 kw<br \/>\nM\u00e5l 2,2 m x 2,2 m<br \/>\n7 personer pladser<br \/>\nluft luftmassage &#8211; 12 stk<br \/>\nhydro vandmassage &#8211; 32 stk<br \/>\n3 store LED&#8217;er indeni<br \/>\n20 mini LED&#8217;er indeni<br \/>\nThermal cover<br \/>\nvandafl\u00f8b<br \/>\nWPC komposit bekl\u00e6gning<br \/>\nLED lys p\u00e5 hj\u00f8rne<br \/>\nakryl badekar gr\u00e5 marmor\/ eller hvid perle akryl<br \/>\nUdl\u00f8b til sandfilteret<br \/>\nOzonator<br \/>\nH\u00f8jttalere med LED lys<br \/>\nTrappe + \u00a4 hul drikkehylder<br \/>\nOpvarmingstid kun 3,5-4 time om vinteren<br \/>\n1500 liter vand<br \/>\nIsoleret bund og side<\/p>","protected":false},"excerpt":{"rendered":"<p>Det bedste valg af vildmarksbad for 7-8 personer. Du vil have mange dyser som i amerikansk jacuzzi og fuld afslapningskomfort!<br \/>\nDu beh\u00f8ver ikke at varme det op hele tiden. Bare forberede tr\u00e6 og su vil f\u00e5 37-40 karakter p\u00e5 3,5-4 timer.<br \/>\nDens h\u00f8jkvalitets akryl indsats med musik og mange LED-lys.<br \/>\nVi kan ogs\u00e5 lave den med varmepumpe pris + 10.000,-<\/p>\n<p>Leveringstid 4-5 uger!<\/p>\n<p>N\u00c6STE UGER P\u00c5 LAGER! DU KAN KOMMER OG KIGGER<\/p>","protected":false},"featured_media":9899,"template":"","meta":{"_acf_changed":false,"om_disable_all_campaigns":false,"_monsterinsights_skip_tracking":false,"_monsterinsights_sitenote_active":false,"_monsterinsights_sitenote_note":"","_monsterinsights_sitenote_category":0},"product_brand":[],"product_cat":[159,161,24,151],"product_tag":[],"class_list":{"0":"post-9898","1":"product","2":"type-product","3":"status-publish","4":"has-post-thumbnail","6":"product_cat-bedst-saelger","7":"product_cat-nedsatte-produkter","8":"product_cat-vildmarksbad","9":"product_cat-summer-sale","11":"first","12":"instock","13":"sale","14":"taxable","15":"shipping-taxable","16":"purchasable","17":"product-type-simple"},"acf":[],"aioseo_notices":[],"_links":{"self":[{"href":"https:\/\/jsoasis.dk\/en\/wp-json\/wp\/v2\/product\/9898","targetHints":{"allow":["GET"]}}],"collection":[{"href":"https:\/\/jsoasis.dk\/en\/wp-json\/wp\/v2\/product"}],"about":[{"href":"https:\/\/jsoasis.dk\/en\/wp-json\/wp\/v2\/types\/product"}],"wp:featuredmedia":[{"embeddable":true,"href":"https:\/\/jsoasis.dk\/en\/wp-json\/wp\/v2\/media\/9899"}],"wp:attachment":[{"href":"https:\/\/jsoasis.dk\/en\/wp-json\/wp\/v2\/media?parent=9898"}],"wp:term":[{"taxonomy":"product_brand","embeddable":true,"href":"https:\/\/jsoasis.dk\/en\/wp-json\/wp\/v2\/product_brand?post=9898"},{"taxonomy":"product_cat","embeddable":true,"href":"https:\/\/jsoasis.dk\/en\/wp-json\/wp\/v2\/product_cat?post=9898"},{"taxonomy":"product_tag","embeddable":true,"href":"https:\/\/jsoasis.dk\/en\/wp-json\/wp\/v2\/product_tag?post=9898"}],"curies":[{"name":"wp","href":"https:\/\/api.w.org\/{rel}","templated":true}]}}